{"id":788,"date":"2024-12-27T18:04:34","date_gmt":"2024-12-27T15:04:34","guid":{"rendered":"http:\/\/oytunparkhotel.com\/?page_id=788"},"modified":"2024-12-27T18:18:43","modified_gmt":"2024-12-27T15:18:43","slug":"kamera-aydinlatma-metni","status":"publish","type":"page","link":"https:\/\/oytunparkhotel.com\/en\/kamera-aydinlatma-metni\/","title":{"rendered":"Kamera Ayd\u0131nlatma Metni"},"content":{"rendered":"<div data-elementor-type=\"wp-page\" data-elementor-id=\"788\" class=\"elementor elementor-788\" data-elementor-settings=\"[]\">\n\t\t\t<div class=\"elementor-inner\">\n\t\t\t\t<div class=\"elementor-section-wrap\">\n\t\t\t\t\t\t\t<section class=\"elementor-element elementor-element-b3bebd7 elementor-section-boxed elementor-section-height-default elementor-section-height-default elementor-section elementor-top-section\" data-id=\"b3bebd7\" data-element_type=\"section\">\n\t\t\t\t\t\t<div class=\"elementor-container elementor-column-gap-default\">\n\t\t\t\t<div class=\"elementor-row\">\n\t\t\t\t<div class=\"elementor-element elementor-element-697cbfd elementor-column elementor-col-100 elementor-top-column\" data-id=\"697cbfd\" data-element_type=\"column\">\n\t\t\t<div class=\"elementor-column-wrap  elementor-element-populated\">\n\t\t\t\t\t<div class=\"elementor-widget-wrap\">\n\t\t\t\t<div class=\"elementor-element elementor-element-ef15906 elementor-widget elementor-widget-heading\" data-id=\"ef15906\" data-element_type=\"widget\" data-widget_type=\"heading.default\">\n\t\t\t\t<div class=\"elementor-widget-container\">\n\t\t\t<h2 class=\"elementor-heading-title elementor-size-default\">KAMERA AYDINLATMA METN\u0130<\/h2>\t\t<\/div>\n\t\t\t\t<\/div>\n\t\t\t\t\t\t<\/div>\n\t\t\t<\/div>\n\t\t<\/div>\n\t\t\t\t\t\t<\/div>\n\t\t\t<\/div>\n\t\t<\/section>\n\t\t\t\t<section class=\"elementor-element elementor-element-c63a028 elementor-section-boxed elementor-section-height-default elementor-section-height-default elementor-section elementor-top-section\" data-id=\"c63a028\" data-element_type=\"section\">\n\t\t\t\t\t\t<div class=\"elementor-container elementor-column-gap-default\">\n\t\t\t\t<div class=\"elementor-row\">\n\t\t\t\t<div class=\"elementor-element elementor-element-4a3084c elementor-column elementor-col-100 elementor-top-column\" data-id=\"4a3084c\" data-element_type=\"column\">\n\t\t\t<div class=\"elementor-column-wrap  elementor-element-populated\">\n\t\t\t\t\t<div class=\"elementor-widget-wrap\">\n\t\t\t\t<div class=\"elementor-element elementor-element-992c682 elementor-widget elementor-widget-text-editor\" data-id=\"992c682\" data-element_type=\"widget\" data-widget_type=\"text-editor.default\">\n\t\t\t\t<div class=\"elementor-widget-container\">\n\t\t\t\t\t<div class=\"elementor-text-editor elementor-clearfix\"><p><strong>OYTUN PARK HOTEL KAPALI DEVRE KAMERA KAYIT S\u0130STEMLER\u0130 AYDINLATMA METN\u0130<\/strong><\/p><p>\u0130\u015fbu Ayd\u0131nlatma Metni, 6698 say\u0131l\u0131 Ki\u015fisel Verilerin Korunmas\u0131 Kanunu (\u201cKanun\u201d) uyar\u0131nca, <strong>OYTUNLAR ORMAN \u00dcR\u00dcNLER\u0130 \u0130N\u015e. NAK. TUR. SAN. T\u0130C. LTD. \u015eT\u0130. <\/strong>(\u201c<strong>OYTUN PARK HOTEL<\/strong>\u201d) lokasyonlar\u0131nda kullan\u0131lan kapal\u0131 devre kay\u0131t sistemleri vas\u0131tas\u0131yla toplanan ki\u015fisel verilerinin i\u015flenmesine ili\u015fkin usul ve esaslara ili\u015fkin olarak veri sahiplerinin ayd\u0131nlat\u0131lmas\u0131 amac\u0131 ile kaleme al\u0131nm\u0131\u015ft\u0131r.<\/p><p>Otelimiz i\u00e7erisinde g\u00fcvenlik kameras\u0131 vas\u0131tas\u0131yla g\u00fcvenli\u011finin sa\u011flanmas\u0131 amac\u0131yla g\u00f6r\u00fcnt\u00fc kayd\u0131 yap\u0131lmakta olup, kay\u0131t i\u015flemi Bilgi \u0130\u015flem Departman\u0131 ve Y\u00f6netim taraf\u0131ndan denetlenmektedir.<\/p><p>\u0130\u015fbu Ayd\u0131nlatma Metni kapsam\u0131nda yer alan hususlara ili\u015fkin detayl\u0131 bilgilere <a href=\"http:\/\/oytunparkhotel.com\/en\/\"><strong>http:\/\/oytunparkhotel.com\/<\/strong><\/a> adresinde yer alan Ki\u015fisel Verilerin Korunmas\u0131 ve \u0130\u015flenmesi Politikas\u0131\u2019ndan eri\u015filebilmektedir.<\/p><ul><li><strong>Ki\u015fisel Verilerin \u0130\u015fleme Amac\u0131<\/strong><\/li><\/ul><p>Toplanan ki\u015fisel veriler, Kanun\u2019un 5. ve 6. maddelerinde belirtilen ki\u015fisel veri i\u015fleme \u015fartlar\u0131 ve ama\u00e7lar\u0131 \u00e7er\u00e7evesinde, \u015eirket ile i\u015f ili\u015fkisi i\u00e7erisinde olan ilgili ki\u015filerin hukuki, teknik ve ticari-i\u015f g\u00fcvenli\u011finin temin edilmesi ve \u015eirket\u2019e ait lokasyonlar\u0131n g\u00fcvenli\u011finin sa\u011flanmas\u0131 ama\u00e7lar\u0131 dahilinde i\u015flenmektedir.<\/p><ul><li><strong>Ki\u015fisel Verilerin Aktar\u0131laca\u011f\u0131 Taraflar ve Aktar\u0131m Amac\u0131<\/strong><\/li><\/ul><p>Toplanan ki\u015fisel veriler, Kanun\u2019un 8. ve 9. maddelerinde belirtilen ki\u015fisel veri i\u015fleme \u015fartlar\u0131 ve ama\u00e7lar\u0131 \u00e7er\u00e7evesinde, \u015eirket ile i\u015f ili\u015fkisi i\u00e7erisinde olan ilgili ki\u015filerin hukuki, teknik ve ticari-i\u015f g\u00fcvenli\u011finin temin edilmesi ve \u015eirket\u2019e ait lokasyonlar\u0131n g\u00fcvenli\u011finin sa\u011flanmas\u0131 ama\u00e7lar\u0131 dahilinde, \u015eirket\u2019in i\u015f ortaklar\u0131 ve hukuken yetkili kurum ve kurulu\u015flar ile payla\u015f\u0131labilecektir.<\/p><ul><li><strong>Ki\u015fisel Veri Toplaman\u0131n Y\u00f6ntemi ve Hukuki Sebebi<\/strong><\/li><\/ul><p>Ki\u015fisel veriler, lokasyonlarda yer alan kapal\u0131 devre kamera sistemleri vas\u0131tas\u0131yla Kanun\u2019un 5. Maddesinde belirtilen me\u015fru menfaat hukuki sebebine dayal\u0131 \u015fekilde toplan\u0131lmaktad\u0131r.<\/p><ul><li><strong>Veri Sahiplerinin Haklar\u0131 ve Bu Haklar\u0131n Kullan\u0131lmas\u0131<\/strong><\/li><\/ul><p>Kanun\u2019un 11. maddesi uyar\u0131nca veri sahipleri,<\/p><ul><li>Ki\u015fisel veri i\u015flenip i\u015flenmedi\u011fini \u00f6\u011frenme,<\/li><li>Ki\u015fisel verileri i\u015flenmi\u015fse buna ili\u015fkin bilgi talep etme,<\/li><li>Ki\u015fisel verilerin i\u015flenme amac\u0131n\u0131 ve bunlar\u0131n amac\u0131na uygun kullan\u0131l\u0131p kullan\u0131lmad\u0131\u011f\u0131n\u0131 \u00f6\u011frenme,<\/li><li>Yurt i\u00e7inde veya yurt d\u0131\u015f\u0131nda ki\u015fisel verilerin aktar\u0131ld\u0131\u011f\u0131 \u00fc\u00e7\u00fcnc\u00fc ki\u015fileri bilme,<\/li><li>Ki\u015fisel verilerin eksik veya yanl\u0131\u015f i\u015flenmi\u015f olmas\u0131 h\u00e2linde bunlar\u0131n d\u00fczeltilmesini isteme ve bu kapsamda yap\u0131lan i\u015flemin ki\u015fisel verilerin aktar\u0131ld\u0131\u011f\u0131 \u00fc\u00e7\u00fcnc\u00fc ki\u015filere bildirilmesini isteme,<\/li><li>Kanun ve ilgili di\u011fer kanun h\u00fck\u00fcmlerine uygun olarak i\u015flenmi\u015f olmas\u0131na ra\u011fmen, i\u015flenmesini gerektiren sebeplerin ortadan kalkmas\u0131 h\u00e2linde ki\u015fisel verilerin silinmesini veya yok edilmesini isteme ve bu kapsamda yap\u0131lan i\u015flemin ki\u015fisel verilerin aktar\u0131ld\u0131\u011f\u0131 \u00fc\u00e7\u00fcnc\u00fc ki\u015filere bildirilmesini isteme,<\/li><li>\u0130\u015flenen verilerin m\u00fcnhas\u0131ran otomatik sistemler vas\u0131tas\u0131yla analiz edilmesi suretiyle ki\u015finin kendisi aleyhine bir sonucun ortaya \u00e7\u0131kmas\u0131na itiraz etme,<\/li><li>Ki\u015fisel verilerin kanuna ayk\u0131r\u0131 olarak i\u015flenmesi sebebiyle zarara u\u011framas\u0131 h\u00e2linde zarar\u0131n giderilmesini talep etme\u00a0haklar\u0131na sahiptir.<\/li><\/ul><p>S\u00f6z konusu haklar, ki\u015fisel veri sahipleri taraf\u0131ndan <a href=\"http:\/\/oytunparkhotel.com\/en\/\"><strong>http:\/\/oytunparkhotel.com\/<\/strong><\/a> adresinde yer alan Veri Sahibi Ba\u015fvuru Formu ile \u015eirketimiz\u2019e iletilmesi halinde 30 (otuz) g\u00fcn i\u00e7erisinde de\u011ferlendirilerek sonu\u00e7land\u0131r\u0131lacakt\u0131r. Taleplere ili\u015fkin olarak herhangi bir \u00fccret talep edilmemesi esas olmakla birlikte, \u015eirket\u2019in Ki\u015fisel Verileri Koruma Kurulu taraf\u0131ndan belirlenen \u00fccret tarifesi \u00fczerinden \u00fccret talep etme hakk\u0131 sakl\u0131d\u0131r.<\/p><\/div>\n\t\t\t\t<\/div>\n\t\t\t\t<\/div>\n\t\t\t\t\t\t<\/div>\n\t\t\t<\/div>\n\t\t<\/div>\n\t\t\t\t\t\t<\/div>\n\t\t\t<\/div>\n\t\t<\/section>\n\t\t\t\t<section class=\"elementor-element elementor-element-539f52b elementor-section-boxed elementor-section-height-default elementor-section-height-default elementor-section elementor-top-section\" data-id=\"539f52b\" data-element_type=\"section\">\n\t\t\t\t\t\t<div class=\"elementor-container elementor-column-gap-default\">\n\t\t\t\t<div class=\"elementor-row\">\n\t\t\t\t<div class=\"elementor-element elementor-element-849153f elementor-column elementor-col-100 elementor-top-column\" data-id=\"849153f\" data-element_type=\"column\">\n\t\t\t<div class=\"elementor-column-wrap  elementor-element-populated\">\n\t\t\t\t\t<div class=\"elementor-widget-wrap\">\n\t\t\t\t<div class=\"elementor-element elementor-element-64ac536 elementor-icon-list--layout-traditional elementor-widget elementor-widget-icon-list\" data-id=\"64ac536\" data-element_type=\"widget\" data-widget_type=\"icon-list.default\">\n\t\t\t\t<div class=\"elementor-widget-container\">\n\t\t\t\t\t<ul class=\"elementor-icon-list-items\">\n\t\t\t\t\t\t\t<li class=\"elementor-icon-list-item\" >\n\t\t\t\t\t<a href=\"http:\/\/oytunparkhotel.com\/wp-content\/uploads\/2024\/12\/kvkkbasvuruform.docx\">\t\t\t\t\t\t<span class=\"elementor-icon-list-icon\">\n\t\t\t\t\t\t\t<i aria-hidden=\"true\" class=\"fas fa-download\"><\/i>\t\t\t\t\t\t<\/span>\n\t\t\t\t\t\t\t\t\t\t<span class=\"elementor-icon-list-text\">LAW ON THE PROTECTION OF PERSONAL DATA<\/span>\n\t\t\t\t\t\t\t\t\t\t\t<\/a>\n\t\t\t\t\t\t\t\t\t<\/li>\n\t\t\t\t\t\t<\/ul>\n\t\t\t\t<\/div>\n\t\t\t\t<\/div>\n\t\t\t\t\t\t<\/div>\n\t\t\t<\/div>\n\t\t<\/div>\n\t\t\t\t\t\t<\/div>\n\t\t\t<\/div>\n\t\t<\/section>\n\t\t\t\t\t\t<\/div>\n\t\t\t<\/div>\n\t\t<\/div>","protected":false},"excerpt":{"rendered":"<p>KAMERA AYDINLATMA METN\u0130 OYTUN PARK HOTEL KAPALI DEVRE KAMERA KAYIT S\u0130STEMLER\u0130 AYDINLATMA METN\u0130 \u0130\u015fbu Ayd\u0131nlatma Metni, 6698 say\u0131l\u0131 Ki\u015fisel Verilerin Korunmas\u0131 Kanunu (\u201cKanun\u201d) uyar\u0131nca, OYTUNLAR ORMAN \u00dcR\u00dcNLER\u0130 \u0130N\u015e. NAK. TUR. SAN. T\u0130C. LTD. \u015eT\u0130. (\u201cOYTUN PARK HOTEL\u201d) lokasyonlar\u0131nda kullan\u0131lan kapal\u0131 devre kay\u0131t sistemleri vas\u0131tas\u0131yla toplanan ki\u015fisel verilerinin i\u015flenmesine ili\u015fkin usul ve esaslara ili\u015fkin olarak veri [&hellip;]<\/p>","protected":false},"author":1,"featured_media":0,"parent":0,"menu_order":0,"comment_status":"closed","ping_status":"closed","template":"","meta":{"footnotes":""},"class_list":["post-788","page","type-page","status-publish","hentry","entry"],"_links":{"self":[{"href":"https:\/\/oytunparkhotel.com\/en\/wp-json\/wp\/v2\/pages\/788","targetHints":{"allow":["GET"]}}],"collection":[{"href":"https:\/\/oytunparkhotel.com\/en\/wp-json\/wp\/v2\/pages"}],"about":[{"href":"https:\/\/oytunparkhotel.com\/en\/wp-json\/wp\/v2\/types\/page"}],"author":[{"embeddable":true,"href":"https:\/\/oytunparkhotel.com\/en\/wp-json\/wp\/v2\/users\/1"}],"replies":[{"embeddable":true,"href":"https:\/\/oytunparkhotel.com\/en\/wp-json\/wp\/v2\/comments?post=788"}],"version-history":[{"count":8,"href":"https:\/\/oytunparkhotel.com\/en\/wp-json\/wp\/v2\/pages\/788\/revisions"}],"predecessor-version":[{"id":799,"href":"https:\/\/oytunparkhotel.com\/en\/wp-json\/wp\/v2\/pages\/788\/revisions\/799"}],"wp:attachment":[{"href":"https:\/\/oytunparkhotel.com\/en\/wp-json\/wp\/v2\/media?parent=788"}],"curies":[{"name":"wp","href":"https:\/\/api.w.org\/{rel}","templated":true}]}}