{"id":785,"date":"2024-12-27T17:59:14","date_gmt":"2024-12-27T14:59:14","guid":{"rendered":"http:\/\/oytunparkhotel.com\/?page_id=785"},"modified":"2024-12-27T18:19:12","modified_gmt":"2024-12-27T15:19:12","slug":"calisan-adayi-aydinlatma-metni","status":"publish","type":"page","link":"https:\/\/oytunparkhotel.com\/en\/calisan-adayi-aydinlatma-metni\/","title":{"rendered":"\u00c7al\u0131\u015fan Aday\u0131 Ayd\u0131nlatma Metni"},"content":{"rendered":"<div data-elementor-type=\"wp-page\" data-elementor-id=\"785\" class=\"elementor elementor-785\" data-elementor-settings=\"[]\">\n\t\t\t<div class=\"elementor-inner\">\n\t\t\t\t<div class=\"elementor-section-wrap\">\n\t\t\t\t\t\t\t<section class=\"elementor-element elementor-element-36316ac elementor-section-boxed elementor-section-height-default elementor-section-height-default elementor-section elementor-top-section\" data-id=\"36316ac\" data-element_type=\"section\">\n\t\t\t\t\t\t<div class=\"elementor-container elementor-column-gap-default\">\n\t\t\t\t<div class=\"elementor-row\">\n\t\t\t\t<div class=\"elementor-element elementor-element-3c2b582 elementor-column elementor-col-100 elementor-top-column\" data-id=\"3c2b582\" data-element_type=\"column\">\n\t\t\t<div class=\"elementor-column-wrap  elementor-element-populated\">\n\t\t\t\t\t<div class=\"elementor-widget-wrap\">\n\t\t\t\t<div class=\"elementor-element elementor-element-d9d7c7a elementor-widget elementor-widget-heading\" data-id=\"d9d7c7a\" data-element_type=\"widget\" data-widget_type=\"heading.default\">\n\t\t\t\t<div class=\"elementor-widget-container\">\n\t\t\t<h2 class=\"elementor-heading-title elementor-size-default\">\u00c7ALI\u015eAN ADAYI AYDINLATMA METN\u0130<\/h2>\t\t<\/div>\n\t\t\t\t<\/div>\n\t\t\t\t<div class=\"elementor-element elementor-element-ae17709 elementor-widget elementor-widget-text-editor\" data-id=\"ae17709\" data-element_type=\"widget\" data-widget_type=\"text-editor.default\">\n\t\t\t\t<div class=\"elementor-widget-container\">\n\t\t\t\t\t<div class=\"elementor-text-editor elementor-clearfix\"><p><strong>6698 SAYILI K\u0130\u015e\u0130SEL VER\u0130LER\u0130N KORUNMASI KANUNU UYARINCA<\/strong><\/p><p><strong>\u00c7ALI\u015eAN ADAYI AYDINLATMA VE A\u00c7IK RIZA BEYANI<\/strong><\/p><p><strong>OYTUNLAR ORMAN \u00dcR\u00dcNLER\u0130 \u0130N\u015e. NAK. TUR. SAN. T\u0130C. LTD. \u015eT\u0130. (OYTUN HOTEL) <\/strong>Taraf\u0131ndan Ki\u015fisel Verilerin Korunmas\u0131 Kanunu kapsam\u0131nda Ayd\u0131nlatma y\u00fck\u00fcml\u00fcl\u00fc\u011f\u00fcm\u00fcz\u00fc yerine getirmek \u00fczere sizler i\u00e7in haz\u0131rlanm\u0131\u015ft\u0131r. <strong>OYTUN HOTEL <\/strong>taraf\u0131ndan i\u015fe al\u0131m s\u00fcre\u00e7lerinin y\u00fcr\u00fct\u00fclmesi amac\u0131yla ki\u015fisel verilerinizin i\u015flenmesi i\u00e7in a\u00e7\u0131k r\u0131zan\u0131z talep olunmaktad\u0131r:<\/p><p>6698 say\u0131l\u0131 Ki\u015fisel Verilerin Korunmas\u0131 Kanunu (\u201cKanun\u201d) gere\u011fince, ki\u015finin \u00f6zge\u00e7mi\u015fi i\u00e7erisinde yer alan ad\u0131\/soyad\u0131, adresi, do\u011fum yeri ve tarihi, telefon numaras\u0131, elektronik posta adresi, \u00f6\u011frenim durumu, e\u011fitim bilgileri, i\u015f deneyimleri, yabanc\u0131 dil bilgisi, kat\u0131ld\u0131\u011f\u0131 seminer, konferans ve sertifika programlar\u0131, referanslar\u0131 ile ilgili ki\u015fiyi tan\u0131tan her t\u00fcrl\u00fc bilgi ve belge, ki\u015fisel veri kapsam\u0131ndad\u0131r.<\/p><p>Yukar\u0131da bahsi ge\u00e7en ki\u015fisel verileriniz; \u201cVeri Sorumlusu\u201d olarak <strong>OYTUNLAR ORMAN \u00dcR\u00dcNLER\u0130 \u0130N\u015e. NAK. TUR. SAN. T\u0130C. LTD. \u015eT\u0130. <\/strong>Taraf\u0131ndan a\u015fa\u011f\u0131da a\u00e7\u0131klanan kapsamda i\u015flenebilecektir.<\/p><ol><li><strong> Ki\u015fisel Verilerin Hangi Ama\u00e7la \u0130\u015flenece\u011fi:<\/strong><\/li><\/ol><p>Ki\u015fisel verileriniz, i\u015f ba\u015fvuru talebinizin ve ilgili pozisyona uygunlu\u011funuzun de\u011ferlendirilmesi, <strong>OYTUN Hotel<\/strong> insan kaynaklar\u0131 politikalar\u0131 \u00e7er\u00e7evesinde i\u015fe al\u0131m s\u00fcre\u00e7lerinin y\u00fcr\u00fct\u00fclmesi, sonu\u00e7land\u0131r\u0131lmas\u0131, sonucun olumsuz olmas\u0131 durumlar\u0131nda sonradan olu\u015facak benzer pozisyonlarda ba\u015fvurunuzun de\u011ferlendirmeye al\u0131nmas\u0131, bu kapsamda sizinle ileti\u015fime ge\u00e7ilmesi ve <strong>OYTUN Hotel<\/strong> Uygulad\u0131\u011f\u0131 i\u015fe al\u0131m ilkelerinin geli\u015ftirilmesi ve iyile\u015ftirilmesi ama\u00e7lar\u0131 d\u00e2hilinde i\u015flenecektir.<\/p><ol start=\"2\"><li><strong> \u0130\u015flenen Ki\u015fisel Verilerin Kimlere ve Hangi Ama\u00e7la Aktar\u0131labilece\u011fi:<\/strong><\/li><\/ol><p><strong>OYTUN Hotel <\/strong>Taraf\u0131ndan i\u015flenen ki\u015fisel verileriniz, <strong>OYTUN Hotel\u2019in <\/strong>Yasal y\u00fck\u00fcml\u00fcl\u00fcklerini yerine getirmesi amac\u0131yla yetkili mercilerle payla\u015f\u0131lacakt\u0131r.<\/p><ol start=\"3\"><li><strong> Ki\u015fisel Veri Toplaman\u0131n Y\u00f6ntemi ve Hukuki Sebebi:<\/strong><\/li><\/ol><p>\u015eirket ile aran\u0131zda kurulmas\u0131 hedeflenen hukuki ili\u015fki \u00e7er\u00e7evesinde i\u015f s\u00f6zle\u015fmesinin kurulmas\u0131 i\u00e7in gerekli olmas\u0131 nedeniyle sizden talep etti\u011fimiz ki\u015fisel verilerinizi, sizin bize s\u00f6zl\u00fc, fiziksel veya elektronik ortamda herhangi bir formda iletmeniz arac\u0131l\u0131\u011f\u0131yla a\u00e7\u0131k r\u0131zan\u0131z ile topluyoruz.<\/p><p>Kariyer portallar\u0131 arac\u0131l\u0131\u011f\u0131yla payla\u015ft\u0131\u011f\u0131n\u0131z ki\u015fisel verilerinizi bize bu platformlar \u00fczerinden i\u015f ba\u015fvurusu yapman\u0131z yoluyla veya platformlar \u00fczerinde yay\u0131nlad\u0131\u011f\u0131n\u0131z bilgileri 3. ki\u015filerle payla\u015fma tercihlerinize g\u00f6re bu platformlar i\u00e7erisinden i\u015f s\u00f6zle\u015fmesinin kurulmas\u0131 i\u00e7in gerekli olmas\u0131 nedeniyle topluyoruz.<\/p><ol start=\"4\"><li><strong> Veri Sahibinin Kanun\u2019un 11. maddesinde Say\u0131lan Haklar\u0131:<\/strong><\/li><\/ol><p>Kanun\u2019un 11. maddesi uyar\u0131nca, ki\u015fisel veri sahibi olarak, yaz\u0131l\u0131 veya Ki\u015fisel Verileri Koruma Kurulu\u2019nun belirledi\u011fi di\u011fer y\u00f6ntemlerle <strong>OYTUN Hotel\u2019e <\/strong>ba\u015fvurarak, ki\u015fisel verilerinizin i\u015flenip i\u015flenmedi\u011fini \u00f6\u011frenme, ki\u015fisel verileriniz i\u015flenmi\u015fse buna ili\u015fkin bilgi talep etme, ki\u015fisel verileriniz i\u015fleniyorsa, ki\u015fisel verilerinizin i\u015flenme amac\u0131n\u0131 ve bunlar\u0131n amac\u0131na uygun kullan\u0131p kullan\u0131lmad\u0131\u011f\u0131n\u0131 \u00f6\u011frenme, ki\u015fisel verileriniz yurt i\u00e7inde veya yurt d\u0131\u015f\u0131nda \u00fc\u00e7\u00fcnc\u00fc ki\u015filere aktar\u0131l\u0131yorsa, ki\u015fisel verilerinizin aktar\u0131ld\u0131\u011f\u0131 \u00fc\u00e7\u00fcnc\u00fc ki\u015fileri bilme, ki\u015fisel verilerinizin eksik veya yanl\u0131\u015f i\u015flenmi\u015f olmas\u0131 halinde bunlar\u0131n d\u00fczeltilmesini isteme ve bu kapsamda yap\u0131lan i\u015flemin ki\u015fisel verilerin aktar\u0131ld\u0131\u011f\u0131 \u00fc\u00e7\u00fcnc\u00fc ki\u015filere bildirilmesini isteme, ki\u015fisel verilerinizin Kanun ve ilgili di\u011fer kanun h\u00fck\u00fcmlerine uygun olarak i\u015flenmi\u015f olmas\u0131na ra\u011fmen, i\u015flenmesini gerektiren sebeplerin ortadan kalkmas\u0131 halinde ki\u015fisel verilerinizin silinmesini veya yok edilmesini isteme ve bu kapsamda yap\u0131lan i\u015flemin ki\u015fisel verilerin aktar\u0131ld\u0131\u011f\u0131 \u00fc\u00e7\u00fcnc\u00fc ki\u015filere bildirilmesini isteme, i\u015flenen verilerin m\u00fcnhas\u0131ran otomatik sistemler vas\u0131tas\u0131yla analiz edilmesi suretiyle aleyhinize bir sonucun ortaya \u00e7\u0131kmas\u0131na itiraz etme, ki\u015fisel verilerinizin kanuna ayk\u0131r\u0131 olarak i\u015flenmesi sebebiyle zarara u\u011framan\u0131z halinde, zarar\u0131n giderilmesini talep etme haklar\u0131na sahipsiniz.<\/p><p>Ba\u015fvurunuzda yer alan talepleriniz, talebin niteli\u011fine g\u00f6re en ge\u00e7 otuz g\u00fcn i\u00e7inde \u00fccretsiz olarak sonu\u00e7land\u0131r\u0131lacakt\u0131r. Ancak, i\u015flemin \u015eirket i\u00e7in ayr\u0131ca bir maliyeti gerektirmesi h\u00e2linde, Ki\u015fisel Verileri Koruma Kurulu taraf\u0131ndan Veri Sorumlusuna Ba\u015fvuru Usul ve Esaslar\u0131 Hakk\u0131nda Tebli\u011f&#8217;de belirlenen tarifedeki \u00fccret al\u0131nabilir.<\/p><p>Ki\u015fisel verilerinizin i\u015flenmesi ile ilgili hususlarda ba\u015fvurunuzu \u015eirketin internet adresinde bulunan ba\u015fvuru formunu doldurarak veya Veri Sorumlusuna Ba\u015fvuru Usul ve Esaslar\u0131 Hakk\u0131nda Tebli\u011f \u2019in 5. maddesinde \u015fartlara uymak kayd\u0131yla yaz\u0131l\u0131 ve imzal\u0131 olarak, yapabilirsiniz.<\/p><p><strong><u>DATA SPEAKER CONTACT INFORMATION<\/u><\/strong><\/p><p><strong>\u00a0<\/strong><\/p><p><strong>OYTUNLAR ORMAN \u00dcR\u00dcNLER\u0130 \u0130N\u015e. NAK. TUR. SAN. T\u0130C. LTD. \u015eT\u0130<\/strong><strong>.<\/strong><\/p><p><strong>Mersis No: 0649005684300016 <\/strong><\/p><p><strong>Web Pages: <\/strong><a href=\"http:\/\/oytunparkhotel.com\/en\/\"><strong>http:\/\/oytunparkhotel.com<\/strong><\/a><\/p><p><strong>E-Mail: <\/strong><a href=\"mailto:info@oytunparkhotel.com\"><strong>info@oytunparkhotel.com<\/strong><\/a><\/p><p><strong>Location: Troya Cad. No: 142 Merkez \/ \u00c7ANAKKALE<\/strong><\/p><p><strong><u>EK-1 <\/u><\/strong><\/p><p><strong><u>\u00a0<\/u><\/strong><\/p><p><strong>A\u00c7IK RIZA BEYAN FORMU<\/strong><\/p><p><strong><u>A\u00e7\u0131k R\u0131za Beyan Formu<\/u><\/strong><\/p><p><strong><u>\u00a0<\/u><\/strong><\/p><p>6698 say\u0131l\u0131 Ki\u015fisel Verilerin Korunmas\u0131 Kanunu gere\u011fince, ki\u015fisel verilerimin <strong>OYTUN Hotel <\/strong>Taraf\u0131ndan hangi ama\u00e7la i\u015flenece\u011fi, i\u015flenen ki\u015fisel verilerin kimlere ve hangi ama\u00e7la aktar\u0131labilece\u011fi, ki\u015fisel veri toplaman\u0131n y\u00f6ntemi ve hukuki sebebi ve Kanun\u2019un 11. maddesinde say\u0131lan di\u011fer haklar\u0131m hususlar\u0131nda bilgilendirildim.<\/p><p>Ba\u015fvurdu\u011fum pozisyona ili\u015fkin uygunlu\u011fumun de\u011ferlendirilmesi, <strong>OYTUN Hotel <\/strong>\u0130nsan kaynaklar\u0131 politikalar\u0131 \u00e7er\u00e7evesinde i\u015fe al\u0131m s\u00fcre\u00e7lerinin y\u00fcr\u00fct\u00fclmesi, sonu\u00e7land\u0131r\u0131lmas\u0131, \u0130nsan kaynaklar\u0131 yetkilisi taraf\u0131ndan al\u0131nan notlar da dahil olmak \u00fczere <strong>OYTUN Hotel\u2019e <\/strong>iletti\u011fim her t\u00fcrl\u00fc ki\u015fisel verimin, <strong>OYTUN Hotel <\/strong>Taraf\u0131ndan kaydedilmesine, depolanmas\u0131na, de\u011fi\u015ftirilmesine, g\u00fcncellenmesine, periyodik olarak kontrol edilmesine, yeniden d\u00fczenlenmesine, s\u0131n\u0131fland\u0131r\u0131lmas\u0131na, \u00f6zge\u00e7mi\u015fimde yer alan ve kendi irademle se\u00e7ti\u011fim referanslar\u0131m\u0131n ve\/veya <strong>OYTUN Hotel <\/strong>Taraf\u0131ndan bizzat ula\u015f\u0131lan di\u011fer referanslar\u0131n <strong>OYTUN Hotel <\/strong>\u0130nsan kaynaklar\u0131 departman\u0131 taraf\u0131ndan aranarak ilgili ki\u015filerden i\u015fe yatk\u0131nl\u0131\u011f\u0131m hakk\u0131nda bilgi\/veri al\u0131nmas\u0131na ve bu bilgi\/verilerin <strong>OYTUN Hotel <\/strong>Taraf\u0131ndan kaydedilmesine, ki\u015fisel verilerimin <strong>OYTUN Hotel \u2019in<\/strong> yasal y\u00fck\u00fcml\u00fcl\u00fcklerini yerine getirmesi amac\u0131yla yetkili mercilerle payla\u015f\u0131lmas\u0131na, yukar\u0131da bahsi ge\u00e7en ki\u015fisel verilerimin <strong>OYTUN Hotel <\/strong>\u0130nsan kaynaklar\u0131 havuzunda muhafaza edilmesine,<\/p><p><strong>\u00a0<\/strong><\/p><p><strong>\u00a0A\u00e7\u0131k r\u0131za veriyorum.\u00a0 \u00a0 \u00a0 \u00a0 \u00a0 \u00a0 \u00a0 \u00a0\u00a0A\u00e7\u0131k r\u0131za vermiyorum.<\/strong><\/p><p><strong>\u00a0<\/strong><\/p><p><strong>\u00a0<\/strong><\/p><p><strong><em><u>\u0130\u015fbu a\u00e7\u0131k r\u0131zam\u0131 diledi\u011fim zaman geri alabilece\u011fimi, bu durumda talebimi size ayd\u0131nlatma metninde taraf\u0131ma sunulan yollardan biri ile iletebilece\u011fimi biliyorum.<\/u><\/em><\/strong><\/p><p><strong>\u00a0<\/strong><\/p><p><strong>\u00a0<\/strong><\/p><p><strong>Aday\u0131n Ad\u0131-Soyad\u0131: \u00a0\u00a0\u00a0\u00a0\u00a0\u00a0\u00a0\u00a0\u00a0\u00a0\u00a0\u00a0\u00a0\u00a0\u00a0\u00a0\u00a0\u00a0 \u00a0\u00a0\u00a0\u00a0\u00a0\u00a0\u00a0\u00a0\u00a0\u00a0\u00a0\u00a0\u00a0\u00a0\u00a0\u00a0\u00a0\u00a0\u00a0\u00a0\u00a0\u00a0\u00a0\u00a0\u00a0\u00a0\u00a0\u00a0\u00a0\u00a0\u00a0\u00a0\u00a0\u00a0\u00a0\u00a0\u00a0\u00a0\u00a0\u00a0\u00a0\u00a0\u00a0\u00a0\u00a0\u00a0\u00a0\u00a0\u00a0\u00a0\u00a0\u00a0\u00a0\u00a0\u00a0\u00a0\u00a0\u00a0 \u0130mza:\u00a0\u00a0\u00a0\u00a0\u00a0\u00a0\u00a0\u00a0\u00a0\u00a0\u00a0\u00a0\u00a0\u00a0\u00a0\u00a0\u00a0\u00a0\u00a0\u00a0\u00a0\u00a0\u00a0\u00a0\u00a0\u00a0\u00a0\u00a0\u00a0\u00a0\u00a0\u00a0\u00a0\u00a0\u00a0\u00a0\u00a0\u00a0\u00a0\u00a0\u00a0\u00a0\u00a0\u00a0\u00a0\u00a0\u00a0\u00a0\u00a0\u00a0\u00a0\u00a0\u00a0\u00a0\u00a0\u00a0\u00a0\u00a0\u00a0\u00a0\u00a0\u00a0\u00a0\u00a0\u00a0\u00a0\u00a0 Tarih:<\/strong><\/p><p><strong>\u00a0<\/strong><\/p><p><strong>\u00a0<\/strong><\/p><p><strong>\u00a0<\/strong><\/p><p><strong>\u00a0<\/strong><\/p><\/div>\n\t\t\t\t<\/div>\n\t\t\t\t<\/div>\n\t\t\t\t\t\t<\/div>\n\t\t\t<\/div>\n\t\t<\/div>\n\t\t\t\t\t\t<\/div>\n\t\t\t<\/div>\n\t\t<\/section>\n\t\t\t\t<section class=\"elementor-element elementor-element-9a37b0c elementor-section-boxed elementor-section-height-default elementor-section-height-default elementor-section elementor-top-section\" data-id=\"9a37b0c\" data-element_type=\"section\">\n\t\t\t\t\t\t<div class=\"elementor-container elementor-column-gap-default\">\n\t\t\t\t<div class=\"elementor-row\">\n\t\t\t\t<div class=\"elementor-element elementor-element-6a6d942 elementor-column elementor-col-100 elementor-top-column\" data-id=\"6a6d942\" data-element_type=\"column\">\n\t\t\t<div class=\"elementor-column-wrap  elementor-element-populated\">\n\t\t\t\t\t<div class=\"elementor-widget-wrap\">\n\t\t\t\t<div class=\"elementor-element elementor-element-3f878d9 elementor-icon-list--layout-traditional elementor-widget elementor-widget-icon-list\" data-id=\"3f878d9\" data-element_type=\"widget\" data-widget_type=\"icon-list.default\">\n\t\t\t\t<div class=\"elementor-widget-container\">\n\t\t\t\t\t<ul class=\"elementor-icon-list-items\">\n\t\t\t\t\t\t\t<li class=\"elementor-icon-list-item\" >\n\t\t\t\t\t<a href=\"http:\/\/oytunparkhotel.com\/wp-content\/uploads\/2024\/12\/kvkkbasvuruform.docx\">\t\t\t\t\t\t<span class=\"elementor-icon-list-icon\">\n\t\t\t\t\t\t\t<i aria-hidden=\"true\" class=\"fas fa-download\"><\/i>\t\t\t\t\t\t<\/span>\n\t\t\t\t\t\t\t\t\t\t<span class=\"elementor-icon-list-text\">LAW ON THE PROTECTION OF PERSONAL DATA<\/span>\n\t\t\t\t\t\t\t\t\t\t\t<\/a>\n\t\t\t\t\t\t\t\t\t<\/li>\n\t\t\t\t\t\t<\/ul>\n\t\t\t\t<\/div>\n\t\t\t\t<\/div>\n\t\t\t\t\t\t<\/div>\n\t\t\t<\/div>\n\t\t<\/div>\n\t\t\t\t\t\t<\/div>\n\t\t\t<\/div>\n\t\t<\/section>\n\t\t\t\t\t\t<\/div>\n\t\t\t<\/div>\n\t\t<\/div>","protected":false},"excerpt":{"rendered":"<p>\u00c7ALI\u015eAN ADAYI AYDINLATMA METN\u0130 6698 SAYILI K\u0130\u015e\u0130SEL VER\u0130LER\u0130N KORUNMASI KANUNU UYARINCA \u00c7ALI\u015eAN ADAYI AYDINLATMA VE A\u00c7IK RIZA BEYANI OYTUNLAR ORMAN \u00dcR\u00dcNLER\u0130 \u0130N\u015e. NAK. TUR. SAN. T\u0130C. LTD. \u015eT\u0130. (OYTUN HOTEL) Taraf\u0131ndan Ki\u015fisel Verilerin Korunmas\u0131 Kanunu kapsam\u0131nda Ayd\u0131nlatma y\u00fck\u00fcml\u00fcl\u00fc\u011f\u00fcm\u00fcz\u00fc yerine getirmek \u00fczere sizler i\u00e7in haz\u0131rlanm\u0131\u015ft\u0131r. OYTUN HOTEL taraf\u0131ndan i\u015fe al\u0131m s\u00fcre\u00e7lerinin y\u00fcr\u00fct\u00fclmesi amac\u0131yla ki\u015fisel verilerinizin i\u015flenmesi [&hellip;]<\/p>","protected":false},"author":1,"featured_media":0,"parent":0,"menu_order":0,"comment_status":"closed","ping_status":"closed","template":"","meta":{"footnotes":""},"class_list":["post-785","page","type-page","status-publish","hentry","entry"],"_links":{"self":[{"href":"https:\/\/oytunparkhotel.com\/en\/wp-json\/wp\/v2\/pages\/785","targetHints":{"allow":["GET"]}}],"collection":[{"href":"https:\/\/oytunparkhotel.com\/en\/wp-json\/wp\/v2\/pages"}],"about":[{"href":"https:\/\/oytunparkhotel.com\/en\/wp-json\/wp\/v2\/types\/page"}],"author":[{"embeddable":true,"href":"https:\/\/oytunparkhotel.com\/en\/wp-json\/wp\/v2\/users\/1"}],"replies":[{"embeddable":true,"href":"https:\/\/oytunparkhotel.com\/en\/wp-json\/wp\/v2\/comments?post=785"}],"version-history":[{"count":3,"href":"https:\/\/oytunparkhotel.com\/en\/wp-json\/wp\/v2\/pages\/785\/revisions"}],"predecessor-version":[{"id":801,"href":"https:\/\/oytunparkhotel.com\/en\/wp-json\/wp\/v2\/pages\/785\/revisions\/801"}],"wp:attachment":[{"href":"https:\/\/oytunparkhotel.com\/en\/wp-json\/wp\/v2\/media?parent=785"}],"curies":[{"name":"wp","href":"https:\/\/api.w.org\/{rel}","templated":true}]}}