{"id":781,"date":"2024-12-27T17:54:33","date_gmt":"2024-12-27T14:54:33","guid":{"rendered":"http:\/\/oytunparkhotel.com\/?page_id=781"},"modified":"2024-12-27T18:19:01","modified_gmt":"2024-12-27T15:19:01","slug":"calisan-stajyer-aydinlatma-metni","status":"publish","type":"page","link":"https:\/\/oytunparkhotel.com\/en\/calisan-stajyer-aydinlatma-metni\/","title":{"rendered":"\u00c7al\u0131\u015fan &#038;Stajyer Ayd\u0131nlatma Metni"},"content":{"rendered":"<div data-elementor-type=\"wp-page\" data-elementor-id=\"781\" class=\"elementor elementor-781\" data-elementor-settings=\"[]\">\n\t\t\t<div class=\"elementor-inner\">\n\t\t\t\t<div class=\"elementor-section-wrap\">\n\t\t\t\t\t\t\t<section class=\"elementor-element elementor-element-1324125 elementor-section-boxed elementor-section-height-default elementor-section-height-default elementor-section elementor-top-section\" data-id=\"1324125\" data-element_type=\"section\">\n\t\t\t\t\t\t<div class=\"elementor-container elementor-column-gap-default\">\n\t\t\t\t<div class=\"elementor-row\">\n\t\t\t\t<div class=\"elementor-element elementor-element-de04b56 elementor-column elementor-col-100 elementor-top-column\" data-id=\"de04b56\" data-element_type=\"column\">\n\t\t\t<div class=\"elementor-column-wrap  elementor-element-populated\">\n\t\t\t\t\t<div class=\"elementor-widget-wrap\">\n\t\t\t\t<div class=\"elementor-element elementor-element-d96e182 elementor-widget elementor-widget-heading\" data-id=\"d96e182\" data-element_type=\"widget\" data-widget_type=\"heading.default\">\n\t\t\t\t<div class=\"elementor-widget-container\">\n\t\t\t<h2 class=\"elementor-heading-title elementor-size-default\">\u00c7ALI\u015eAN &STAJYER AYDINLATMA METN\u0130<\/h2>\t\t<\/div>\n\t\t\t\t<\/div>\n\t\t\t\t<div class=\"elementor-element elementor-element-bb0c0b7 elementor-widget elementor-widget-text-editor\" data-id=\"bb0c0b7\" data-element_type=\"widget\" data-widget_type=\"text-editor.default\">\n\t\t\t\t<div class=\"elementor-widget-container\">\n\t\t\t\t\t<div class=\"elementor-text-editor elementor-clearfix\"><p><strong>OYTUNLAR ORMAN \u00dcR\u00dcNLER\u0130 \u0130N\u015e. NAK. TUR. SAN. T\u0130C. LTD. \u015eT\u0130. (OYTUN HOTEL)<\/strong><\/p><p><strong>K\u0130\u015e\u0130SEL VER\u0130LER\u0130N KORUNMASINA \u0130L\u0130\u015eK\u0130N \u00c7ALI\u015eAN&amp;STAJYER AYDINLATMA METN\u0130<\/strong><\/p><p>Veri Sorumlusu; <strong>OYTUNLAR ORMAN \u00dcR\u00dcNLER\u0130 \u0130N\u015e. NAK. TUR. SAN. T\u0130C. LTD. \u015eT\u0130.<\/strong> (bundan sonra \u201c\u015firket\u201d veya \u201cotel\u201d olarak ifade edilecektir.) taraf\u0131ndan, 6698 Say\u0131l\u0131 Ki\u015fisel Verilerin Korunmas\u0131 Kanun\u2019u (Bundan sonra \u201cKVKK\u201d olarak ifade edilecektir.) ile Ayd\u0131nlatma Y\u00fck\u00fcml\u00fcl\u00fc\u011f\u00fcn\u00fcn Yerine Getirilmesinde Uyulacak Usul ve Esaslar Hakk\u0131nda Tebli\u011f (Bundan sonra \u201cTebli\u011f\u201d olarak belirtilecektir.) uyar\u0131nca \u00e7al\u0131\u015fanlar\u0131n \u015firketimiz ile ili\u015fkilerinde ki\u015fisel verilerinin korunmas\u0131nda izlenecek usul ve esaslar hakk\u0131nda bilgilendirme amac\u0131yla i\u015fbu ayd\u0131nlatma metni d\u00fczenlenerek ilan edilmi\u015ftir.<\/p><p>KVKK Madde 10: \u201cKi\u015fisel verilerin elde edilmesi s\u0131ras\u0131nda veri sorumlusu veya yetkilendirdi\u011fi ki\u015fi, ilgili ki\u015filere; Veri sorumlusunun ve varsa temsilcisinin kimli\u011fi, Ki\u015fisel verilerin hangi ama\u00e7la i\u015flenece\u011fi, \u0130\u015flenen ki\u015fisel verilerin kimlere ve hangi ama\u00e7la aktar\u0131labilece\u011fi, Ki\u015fisel veri toplaman\u0131n y\u00f6ntemi ve hukuki sebebi, 11&#8217;inci maddede say\u0131lan di\u011fer haklar\u0131, konusunda bilgi vermekle y\u00fck\u00fcml\u00fcd\u00fcr.\u201d<\/p><p>A\u015fa\u011f\u0131da belirtti\u011fimiz ki\u015fisel verilerinizi her ko\u015fulda;<\/p><ul><li>Hukuka ve d\u00fcr\u00fcstl\u00fck kurallar\u0131na uygun olarak,<\/li><li>Payla\u015ft\u0131\u011f\u0131n\u0131z ki\u015fisel verilerin do\u011frulu\u011funu ve taraf\u0131m\u0131za bildirdi\u011finiz \u015fekilde en g\u00fcncel halini koruyarak,<\/li><li>Belirli, a\u00e7\u0131k ve hukuka uygun ama\u00e7lar i\u00e7in,<\/li><li>\u0130\u015flenecekleri ama\u00e7la ba\u011flant\u0131l\u0131, s\u0131n\u0131rl\u0131 ve \u00f6l\u00e7\u00fcl\u00fc olacak \u015fekilde,<\/li><li>\u0130lgili mevzuatta \u00f6ng\u00f6r\u00fclen veya i\u015flendikleri ama\u00e7 i\u00e7in gerekli olan s\u00fcre kadar saklayarak i\u015fleyece\u011fimizi,<\/li><\/ul><p>KVKK&#8217;n\u0131n \u00f6ng\u00f6rd\u00fc\u011f\u00fc \u015fartlarda ve genel ilkelere g\u00f6re i\u015flenebilece\u011fini bildiririz<\/p><p><strong>Kanunda Yer Alan Temel Tan\u0131mlar<\/strong><\/p><p><strong>Ki\u015fisel Veri:<\/strong> Kimli\u011fi belirli veya belirlenebilir ger\u00e7ek ki\u015fiye ili\u015fkin her t\u00fcrl\u00fc bilgidir.<\/p><p><strong>Ki\u015fisel Verilerin \u0130\u015flenmesi:<\/strong> Ki\u015fisel verilerin tamamen veya k\u0131smen otomatik olan ya da herhangi bir veri kay\u0131t sisteminin par\u00e7as\u0131 olmak kayd\u0131yla otomatik olmayan yollarla elde edilmesi, kaydedilmesi, depolanmas\u0131, muhafaza edilmesi, de\u011fi\u015ftirilmesi, yeniden d\u00fczenlenmesi, a\u00e7\u0131klanmas\u0131, aktar\u0131lmas\u0131, devral\u0131nmas\u0131, elde edilebilir h\u00e2le getirilmesi, s\u0131n\u0131fland\u0131r\u0131lmas\u0131 ya da kullan\u0131lmas\u0131n\u0131n engellenmesi gibi veriler \u00fczerinde ger\u00e7ekle\u015ftirilen her t\u00fcrl\u00fc i\u015flemdir.<\/p><p><strong>Veri Sorumlusu:<\/strong> Ki\u015fisel verilerin i\u015fleme ama\u00e7lar\u0131n\u0131 ve vas\u0131talar\u0131n\u0131 belirleyen, veri kay\u0131t sisteminin kurulmas\u0131ndan ve y\u00f6netilmesinden sorumlu olan ger\u00e7ek ve t\u00fczel ki\u015fidir.<\/p><p><strong>A\u00e7\u0131k R\u0131za:<\/strong> Belirli bir konuya ili\u015fkin, bilgilendirilmeye dayanan ve \u00f6zg\u00fcr iradeyle a\u00e7\u0131klanan r\u0131zad\u0131r.<\/p><p>Kurul: Ki\u015fisel Verileri Koruma Kurulu\u2019nu ifade eder.<\/p><p><strong>\u00c7al\u0131\u015fanlara \u0130li\u015fkin Ki\u015fisel Veriler<\/strong><\/p><p>\u015eirketimiz taraf\u0131ndan \u00e7al\u0131\u015fanlara ili\u015fkin ki\u015fisel veriler i\u015fbu metinde belirtilen ama\u00e7lar ve i\u015fleme \u015fartlar\u0131 do\u011frultusunda i\u015flenebilmektedir. \u0130\u015flemeye konu ki\u015fisel veriler \u015funlard\u0131r:<\/p><p><strong>Kimlik Verileri:<\/strong> Ad, soyad, anne-baba ad\u0131, do\u011fum tarihi, T.C. kimlik no, cinsiyet, medeni hal, n\u00fcfus c\u00fczdan seri s\u0131ra no, uyruk bilgisi, pasaport bilgileri, g\u00f6rev ve unvan bilgisi, ara\u00e7 plakas\u0131 aile yak\u0131nlar\u0131 bilgisi.<\/p><p><strong>\u0130leti\u015fim Verileri: <\/strong>Telefon numaras\u0131, e-posta adresi, adres bilgisi, \u015firket i\u00e7i ileti\u015fim bilgileri (\u015firket telefon numaras\u0131, d\u00e2hili telefon numaras\u0131, kurumsal e-posta adresi, kay\u0131tl\u0131 e-posta adresi).<\/p><p><strong>Finansal Veriler:<\/strong> Banka IBAN numaras\u0131, bordrolar, icra takip dosyalar\u0131na ili\u015fkin dosya ve bor\u00e7 bilgileri.<\/p><p><strong>Hukuki \u0130\u015flem Verisi:<\/strong> Adli makamlarla yaz\u0131\u015fmalardaki bilgiler, Dava dosyas\u0131ndaki bilgiler vb.<\/p><p><strong>Mesleki Deneyim Verileri:<\/strong> E\u011fitim durumu, meslek i\u00e7i e\u011fitim bilgileri, sertifika ve diploma bilgileri, dil bilgileri, gidilen kurslar, e\u011fitim ve beceriler, i\u015f tecr\u00fcbesi, transkript bilgileri.<\/p><p><strong>G\u00f6rsel ve \u0130\u015fitsel Veriler: <\/strong>Ger\u00e7ek ki\u015fiye ait foto\u011fraf, kamera kay\u0131tlar\u0131.<\/p><p><strong>\u0130\u015flem Bilgisi Verisi:<\/strong> ip adresi bilgileri, internet sitesi giri\u015f- \u00e7\u0131k\u0131\u015f kay\u0131tlar\u0131,<\/p><p><strong>\u00d6zl\u00fck Verileri:<\/strong> Bordro bilgileri, disiplin soru\u015fturmas\u0131, i\u015fe giri\u015f-\u00e7\u0131k\u0131\u015f kay\u0131tlar\u0131, \u00f6zge\u00e7mi\u015f bilgileri, performans de\u011ferlendirme raporlar\u0131, sigorta bilgisi, adli sicil kayd\u0131, izin \u00e7\u0131k\u0131\u015f ve izinden d\u00f6n\u00fc\u015f tarihi, askerlik durum bilgileri, departman ve birimi.<\/p><p><strong>Sa\u011fl\u0131k Verileri:<\/strong> Sa\u011fl\u0131k raporu, kan grubu, ki\u015fisel sa\u011fl\u0131k bilgileri, sa\u011fl\u0131k ve do\u011fum izni belgeleri, engellilik durumuna ait bilgiler, kullan\u0131lan cihaz ve protez bilgileri.<\/p><p><strong>Ceza Mahkumiyeti:<\/strong> Ceza mahk\u00fbmiyetine ili\u015fkin bilgiler, g\u00fcvenlik tedbirlerine ili\u015fkin bilgiler.<\/p><p><strong>Di\u011fer Veriler: <\/strong>\u0130mza, Aile Yak\u0131n bilgisi, \u00a0<\/p><p><strong>Ki\u015fisel Verileri \u0130\u015fleme Amac\u0131<\/strong><\/p><p>KVKK\u2019n\u0131n 10. maddesi ve Tebli\u011f\u2019in 5. maddesi kapsam\u0131nda KVKK\u2019n\u0131n 4. maddesinde belirtilen i\u015fleme \u015fartlar\u0131na uygun olarak \u00e7al\u0131\u015fanlar\u0131n ki\u015fisel verileri \u015fu ama\u00e7larla i\u015flenebilmektedir:<\/p><ul><li>Hizmet s\u00f6zle\u015fmesine ba\u011fl\u0131 olarak; hizmet y\u00fck\u00fcml\u00fcl\u00fcklerinin yerine getirilmesi, i\u015fveren sorumluluklar\u0131n\u0131n yerine getirilmesi, i\u015f g\u00fcvenli\u011finin temini, i\u015fin y\u00f6netimi, denetimi ve ifas\u0131,<\/li><li>\u0130\u015f S\u00fcre\u00e7lerinin \u0130yile\u015ftirilmesine y\u00f6nelik \u00f6nerilerin al\u0131nmas\u0131 ve de\u011ferlendirilmesi,<\/li><li>Hizmet \u015fartlar\u0131m\u0131zda meydana gelebilecek de\u011fi\u015fiklikler hakk\u0131nda bilgilendirme yap\u0131lmas\u0131,<\/li><li>Elektronik (internet\/mobil vs.) veya fiziki ortamda i\u015fleme dayanak olacak t\u00fcm kay\u0131t ve belgelerin d\u00fczenlenmesi,<\/li><li>\u0130\u015f Kanunu ve di\u011fer t\u00fcm mevzuatlar kapsam\u0131nda s\u00f6zle\u015fme s\u00fcre\u00e7lerinin y\u00fcr\u00fct\u00fclmesi,<\/li><li>Kamu g\u00fcvenli\u011fine ili\u015fkin hususlarda talep halinde ve mevzuat gere\u011fi kamu g\u00f6revlilerine bilgi verilebilmesi,<\/li><li>Yasal y\u00fck\u00fcml\u00fcl\u00fcklerin yerine getirilebilmesi ve y\u00fcr\u00fcrl\u00fckteki mevzuattan do\u011fan haklar\u0131n kullan\u0131labilmesi,<\/li><li>Adli ve idari soru\u015fturmalar kapsam\u0131nda ilgili makam\u0131n talep etmesi ve cevap verilmesinin zorunlu olmas\u0131 halinde yasal y\u00fck\u00fcml\u00fcl\u00fc\u011f\u00fcn yerine getirilebilmesi,<\/li><li>\u00c7al\u0131\u015fanlar i\u00e7in i\u015f akdi ve mevzuattan kaynakl\u0131 y\u00fck\u00fcml\u00fcl\u00fcklerin yerine getirilmesi,<\/li><li>\u00c7al\u0131\u015fanlara e\u011fitim verilmesine y\u00f6nelik faaliyetlerin y\u00fcr\u00fct\u00fclmesi,<\/li><li>\u0130\u015f faaliyetlerinin y\u00fcr\u00fct\u00fclmesi \/ denetimi<\/li><li>Faaliyetlerin mevzuata uygun y\u00fcr\u00fct\u00fclmesi<\/li><li>\u0130\u015f sa\u011fl\u0131\u011f\u0131 ve g\u00fcvenli\u011fi faaliyetlerinin y\u00fcr\u00fct\u00fclmesi,<\/li><li>G\u00f6revlendirme s\u00fcre\u00e7lerinin y\u00fcr\u00fct\u00fclmesi,<\/li><li>Yetkili ki\u015fi, kurum ve kurulu\u015flara bilgi verilmesi,<\/li><li>Acil durum y\u00f6netimi s\u00fcre\u00e7lerinin y\u00fcr\u00fct\u00fclmesi,<\/li><li>\u0130leti\u015fim faaliyetlerinin y\u00fcr\u00fct\u00fclmesi,<\/li><li>Muhasebe ve finans i\u015flerinin y\u00fcr\u00fct\u00fclmesi,<\/li><li>Bilgi g\u00fcvenli\u011fi s\u00fcre\u00e7lerinin y\u00fcr\u00fct\u00fclmesi,<\/li><li>Saklama ve ar\u015fiv faaliyetlerinin y\u00fcr\u00fct\u00fclmesi,<\/li><li>S\u00f6zle\u015fme s\u00fcre\u00e7lerinin y\u00fcr\u00fct\u00fclmesi<\/li><li>Talep \/ \u015fikayetlerin takibi<\/li><li>Fiziksel mek\u00e2n g\u00fcvenli\u011finin temini.<\/li><li>Veri sorumlusu operasyonlar\u0131n\u0131n g\u00fcvenli\u011finin temini<\/li><li>Yetkili ki\u015fi, kurum ve kurulu\u015flara bilgi verilmesi<\/li><\/ul><p>\u00a0<\/p><p><strong>Ki\u015fisel Veri Toplaman\u0131n Y\u00f6ntemi ve Hukuki Sebebi<\/strong><\/p><p>Ki\u015fisel veriler, hukuki ili\u015fki kurulmas\u0131 s\u0131ras\u0131nda do\u011frudan ilgili ki\u015fiden, \u00fc\u00e7\u00fcnc\u00fc ki\u015filerden ve yasal mercilerden elde edilebilecektir. Bu kapsamda ki\u015fisel veriler; elektronik posta, ba\u015fvuru formlar\u0131 gibi ara\u00e7lar \u00fczerinden ve yaz\u0131l\u0131 veya s\u00f6zl\u00fc ileti\u015fim kanallar\u0131 arac\u0131l\u0131\u011f\u0131yla s\u00f6zl\u00fc, yaz\u0131l\u0131 veya elektronik ortamlardan toplanabilmektedir. \u0130\u015f ve Sosyal G\u00fcvenlik Kanunlar\u0131 ba\u015fta olmak \u00fczere mevzuatlar uyar\u0131nca i\u015fverenlerin i\u015f s\u00f6zle\u015fmesi ve kanunlardan do\u011fan y\u00fck\u00fcml\u00fcl\u00fcklerini eksiksiz ve do\u011fru \u015fekilde yerine getirilmesi i\u00e7in, \u015eirket&#8217;in i\u015fyeri g\u00fcvenli\u011fi sa\u011flamaya y\u00f6nelik hukuki y\u00fck\u00fcml\u00fcl\u00fc\u011f\u00fc ve me\u015fru menfaati gere\u011fi, i\u015fyeri binas\u0131na yerle\u015ftirdi\u011fimiz kameralar arac\u0131l\u0131\u011f\u0131yla topluyoruz.<\/p><p>KVKK\u2019n\u0131n 5. maddesinde yer alan h\u00fck\u00fcm uyar\u0131nca ki\u015fisel veriler ilgili ki\u015finin a\u00e7\u0131k r\u0131zas\u0131 olmaks\u0131z\u0131n i\u015flenemez. Kanun istisna olarak a\u00e7\u0131k r\u0131za aranmayacak halleri belirtmi\u015ftir. Kanunda a\u00e7\u0131k h\u00fck\u00fcm bulunmas\u0131, bir s\u00f6zle\u015fmenin kurulmas\u0131 veya ifas\u0131yla do\u011frudan do\u011fruya ilgili olmas\u0131 kayd\u0131yla, s\u00f6zle\u015fmenin taraflar\u0131na ait ki\u015fisel verilerin i\u015flenmesinin gerekli olmas\u0131, \u015firketin hukuki y\u00fck\u00fcml\u00fcl\u00fc\u011f\u00fcn\u00fc yerine getirebilmesi i\u00e7in zorunlu olmas\u0131, ilgili ki\u015finin kendisi taraf\u0131ndan alenile\u015ftirilmi\u015f olmas\u0131, bir hakk\u0131n tesisi, kullan\u0131lmas\u0131 veya korunmas\u0131 i\u00e7in veri i\u015flemenin zorunlu olmas\u0131, ilgili ki\u015finin temel hak ve \u00f6zg\u00fcrl\u00fcklerine zarar vermemek kayd\u0131yla, veri sorumlusunun me\u015fru menfaatleri i\u00e7in veri i\u015flenmesinin zorunlu olmas\u0131 durumunda a\u00e7\u0131k r\u0131za aranmaks\u0131z\u0131n ki\u015fisel veriler \u015firketimiz taraf\u0131ndan i\u015flenebilecektir.<\/p><p>\u015eirketimizin faaliyetlerini s\u00fcrd\u00fcrebilmesi i\u00e7in KVKK\u2019n\u0131n 5 ve 6. maddelerinde belirtilen ki\u015fisel verileri i\u015fleme \u015fartlar\u0131 ve ama\u00e7lar\u0131 kapsam\u0131nda ve ilgili sair mevzuat taraf\u0131ndan \u00f6ng\u00f6r\u00fclen esas ve usuller do\u011frultusunda i\u015fbu Ayd\u0131nlatma Metni\u2019nde belirtilen ama\u00e7lar\u0131n sa\u011flanmas\u0131 ve hukuki y\u00fck\u00fcml\u00fcl\u00fcklerin yerine getirilebilmesi i\u00e7in yukar\u0131da belirtilen hukuki sebeplerle i\u015flenebilmektedir.<\/p><p>Hukuki y\u00fck\u00fcml\u00fcl\u00fcklerimizi yerine getirmek i\u00e7in bize iletilen hukuki belge ve tebligatlar vas\u0131tas\u0131yla,<\/p><p>\u0130\u015f sa\u011fl\u0131\u011f\u0131 ve G\u00fcvenli\u011fi kapsam\u0131nda; Hukuki y\u00fck\u00fcml\u00fcl\u00fc\u011f\u00fcm\u00fcz\u00fc yerine getirmek amac\u0131yla ve kanunlarda \u00f6ng\u00f6r\u00fclmesi nedeniyle sa\u011fl\u0131k verilerinizi, topluyoruz.<\/p><p><strong>Ki\u015fisel Verilerin Kimlere ve Hangi Ama\u00e7la Aktar\u0131labilece\u011fi<\/strong><\/p><p>\u00c7al\u0131\u015fanlar\u0131n ki\u015fisel verileri, Kanun\u2019un 8. ve 9. maddesinde belirtilen veri aktarma ve i\u015fleme \u015fartlar\u0131 ile yukar\u0131da say\u0131lan ama\u00e7lar\u0131n ger\u00e7ekle\u015ftirilmesini sa\u011flamak amac\u0131 ile mevzuatta belirlenen g\u00fcvenlik ve gizlilik esaslar\u0131 uyar\u0131nca yeterli ve etkili \u00f6nlemler al\u0131nmak kayd\u0131yla; tedarik\u00e7ilerle, hissedarlarla, yetkili sat\u0131c\u0131larla, hizmet al\u0131nan \u00f6zel hukuk ki\u015fileriyle (g\u00fcvenlik, e\u011fitim, denetim, etkinlik ve organizasyon, sa\u011fl\u0131k, i\u015f g\u00fcvenli\u011fi, hukuk vb. konularda), ba\u011f\u0131ms\u0131z denetim kurulu\u015flar\u0131yla, finans kurulu\u015flar\u0131yla, yurt i\u00e7indeki i\u015f ortaklar\u0131yla, yurti\u00e7inde bulunan depolama, ar\u015fivleme, bili\u015fim teknolojileri deste\u011fi al\u0131nan firmalarla (sunucu, hosting, program, bulut bili\u015fim), hukuken yetkili kamu kurumlar\u0131 ve \u00f6zel hukuk ki\u015fileriyle payla\u015f\u0131labilecek ve aktar\u0131labilecektir.<\/p><p><strong>Ki\u015fisel Verilerin Saklanma S\u00fcresi<\/strong><\/p><p>KVKK h\u00fck\u00fcmlerine uygun olarak, i\u015f bu \u201cKi\u015fisel Verilerin \u0130\u015flenmesine \u0130li\u015fkin Ayd\u0131nlatma Metni\u201d nde belirtilen ama\u00e7larla i\u015flenmi\u015f olan ki\u015fisel verileriniz, KVKK madde 7\/f.1.\u2019e g\u00f6re i\u015flenmesi gerektiren ama\u00e7 ortadan kalkt\u0131\u011f\u0131nda ve\/veya mevzuat uyar\u0131nca verilerinizi i\u015flememiz i\u00e7in zorunlu k\u0131l\u0131nd\u0131\u011f\u0131m\u0131z zaman a\u015f\u0131m\u0131 s\u00fcreleri doldu\u011funda, Ki\u015fisel Verileri Saklama ve \u0130mha Politikas\u0131 g\u00f6z \u00f6n\u00fcne al\u0131narak ki\u015fisel verileriniz taraf\u0131m\u0131zca silinecek, yok edilecek veya anonimle\u015ftirilerek kullan\u0131lmaya devam edilecektir.<\/p><p>\u00a0<\/p><p><strong>\u0130lgili Ki\u015finin Haklar\u0131<\/strong><\/p><p>\u0130lgili ki\u015fi, ki\u015fisel verilerinin i\u015flenip i\u015flenmedi\u011fini \u00f6\u011frenme, ki\u015fisel verileri i\u015flenmi\u015fse buna ili\u015fkin bilgi talep etme, ki\u015fisel verilerin i\u015flenme amac\u0131n\u0131 ve bunlar\u0131n amac\u0131na uygun kullan\u0131l\u0131p kullan\u0131lmad\u0131\u011f\u0131n\u0131 \u00f6\u011frenme, yurt i\u00e7inde veya yurt d\u0131\u015f\u0131nda ki\u015fisel verilerin aktar\u0131ld\u0131\u011f\u0131 \u00fc\u00e7\u00fcnc\u00fc ki\u015fileri bilme, ki\u015fisel verilerin eksik veya yanl\u0131\u015f i\u015flenmi\u015f olmas\u0131 h\u00e2linde bunlar\u0131n d\u00fczeltilmesini isteme, KVKK ve ilgili di\u011fer kanun h\u00fck\u00fcmlerine uygun olarak i\u015flenmi\u015f olmas\u0131na ra\u011fmen, i\u015flenmesini gerektiren sebeplerin ortadan kalkmas\u0131 h\u00e2linde ki\u015fisel verilerin silinmesini veya yok edilmesini isteme, \u015firketimiz taraf\u0131ndan talebe ba\u011fl\u0131 olarak ki\u015fisel verilerin silinmesi, yok edilmesi ya da d\u00fczeltilmesi halinde aktar\u0131lan \u00fc\u00e7\u00fcnc\u00fc ki\u015filere bildirilmesini isteme, i\u015flenen verilerin m\u00fcnhas\u0131ran otomatik sistemler vas\u0131tas\u0131yla analiz edilmesi suretiyle ki\u015finin kendisi aleyhine bir sonucun ortaya \u00e7\u0131kmas\u0131na itiraz etme, ki\u015fisel verilerin kanuna ayk\u0131r\u0131 olarak i\u015flenmesi sebebiyle zarara u\u011framas\u0131 h\u00e2linde zarar\u0131n giderilmesini talep etme, haklar\u0131na sahiptir.<\/p><p><strong>Ba\u015fvuru Hakk\u0131n\u0131n \u0130stisnalar\u0131<\/strong><\/p><p>Kanun\u2019un 28\/2 h\u00fckm\u00fc uyar\u0131nca, a\u015fa\u011f\u0131daki hallerde zarar\u0131n giderilmesini talep etme hakk\u0131 hari\u00e7 olmak \u00fczere, ilgili ki\u015filerin Kanun\u2019un 11. maddesinde belirtilen haklardan yararlanmalar\u0131 m\u00fcmk\u00fcn olmayacakt\u0131r.<\/p><p>Ki\u015fisel veri i\u015flemenin su\u00e7 i\u015flenmesinin \u00f6nlenmesi veya su\u00e7 soru\u015fturmas\u0131 i\u00e7in gerekli olmas\u0131,<\/p><p>\u0130lgili ki\u015finin kendisi taraf\u0131ndan alenile\u015ftirilmi\u015f ki\u015fisel verilerin i\u015flenmesi.<\/p><p><strong>Ba\u015fvuru Y\u00f6ntemi <\/strong><\/p><p>\u0130lgili ki\u015fi, 6698 Say\u0131l\u0131 Ki\u015fisel Verilerin Korunmas\u0131 Kanunu 11. Maddesinde say\u0131lan haklar kapsam\u0131ndaki talepler, KVKK\u2019n\u0131n 13. Maddesi ile Veri Sorumlusuna Ba\u015fvuru Usul ve Esaslar\u0131 Hakk\u0131nda Tebli\u011f\u2019in 5. Maddesi gere\u011fince, ba\u015fvuru formunda a\u00e7\u0131klanan y\u00f6ntemlerden biri ile ba\u015fvurulabilecektir.<\/p><p>\u015eirkete iletilen ba\u015fvurular, KVKK\u2019n\u0131n 13\/2 maddesi gere\u011fince, talebin niteli\u011fine g\u00f6re, talebin \u015eirkete ula\u015ft\u0131\u011f\u0131 tarihten itibaren 30 g\u00fcn i\u00e7inde cevapland\u0131r\u0131lacakt\u0131r. Ancak, i\u015flemin \u015eirket i\u00e7in ayr\u0131ca bir maliyeti gerektirmesi h\u00e2linde, Ki\u015fisel Verileri Koruma Kurulu taraf\u0131ndan Veri Sorumlusuna Ba\u015fvuru Usul ve Esaslar\u0131 Hakk\u0131nda Tebli\u011f&#8217;de belirlenen tarifedeki \u00fccret al\u0131nabilir. Ba\u015fvuruya ili\u015fkin cevaplar, KVKK\u2019n\u0131n 13. Maddesi gere\u011fince, yaz\u0131l\u0131 ve elektronik ortamdan ba\u015fvuru sahibine ula\u015ft\u0131r\u0131lacakt\u0131r.<\/p><p>\u00a0<\/p><p><strong><u>DATA SPEAKER CONTACT INFORMATION<\/u><\/strong><\/p><p><strong>\u00a0<\/strong><\/p><p><strong>OYTUNLAR ORMAN \u00dcR\u00dcNLER\u0130 \u0130N\u015e. NAK. TUR. SAN. T\u0130C. LTD. \u015eT\u0130<\/strong><strong>.<\/strong><\/p><p><strong>Mersis No: 0649005684300016 <\/strong><\/p><p><strong>Web Pages: <\/strong><a href=\"http:\/\/oytunparkhotel.com\/en\/\"><strong>http:\/\/oytunparkhotel.com<\/strong><\/a><\/p><p><strong>E-Mail: <\/strong><a href=\"mailto:info@oytunparkhotel.com\"><strong>info@oytunparkhotel.com<\/strong><\/a><\/p><p><strong>Location: Troya Cad. No: 142 Merkez \/ \u00c7ANAKKALE<\/strong><\/p><p>\u00a0<\/p><\/div>\n\t\t\t\t<\/div>\n\t\t\t\t<\/div>\n\t\t\t\t\t\t<\/div>\n\t\t\t<\/div>\n\t\t<\/div>\n\t\t\t\t\t\t<\/div>\n\t\t\t<\/div>\n\t\t<\/section>\n\t\t\t\t<section class=\"elementor-element elementor-element-8bd6817 elementor-section-boxed elementor-section-height-default elementor-section-height-default elementor-section elementor-top-section\" data-id=\"8bd6817\" data-element_type=\"section\">\n\t\t\t\t\t\t<div class=\"elementor-container elementor-column-gap-default\">\n\t\t\t\t<div class=\"elementor-row\">\n\t\t\t\t<div class=\"elementor-element elementor-element-32d8625 elementor-column elementor-col-100 elementor-top-column\" data-id=\"32d8625\" data-element_type=\"column\">\n\t\t\t<div class=\"elementor-column-wrap  elementor-element-populated\">\n\t\t\t\t\t<div class=\"elementor-widget-wrap\">\n\t\t\t\t<div class=\"elementor-element elementor-element-4def83e elementor-icon-list--layout-traditional elementor-widget elementor-widget-icon-list\" data-id=\"4def83e\" data-element_type=\"widget\" data-widget_type=\"icon-list.default\">\n\t\t\t\t<div class=\"elementor-widget-container\">\n\t\t\t\t\t<ul class=\"elementor-icon-list-items\">\n\t\t\t\t\t\t\t<li class=\"elementor-icon-list-item\" >\n\t\t\t\t\t<a href=\"http:\/\/oytunparkhotel.com\/wp-content\/uploads\/2024\/12\/kvkkbasvuruform.docx\">\t\t\t\t\t\t<span class=\"elementor-icon-list-icon\">\n\t\t\t\t\t\t\t<i aria-hidden=\"true\" class=\"fas fa-download\"><\/i>\t\t\t\t\t\t<\/span>\n\t\t\t\t\t\t\t\t\t\t<span class=\"elementor-icon-list-text\">LAW ON THE PROTECTION OF PERSONAL DATA<\/span>\n\t\t\t\t\t\t\t\t\t\t\t<\/a>\n\t\t\t\t\t\t\t\t\t<\/li>\n\t\t\t\t\t\t<\/ul>\n\t\t\t\t<\/div>\n\t\t\t\t<\/div>\n\t\t\t\t\t\t<\/div>\n\t\t\t<\/div>\n\t\t<\/div>\n\t\t\t\t\t\t<\/div>\n\t\t\t<\/div>\n\t\t<\/section>\n\t\t\t\t\t\t<\/div>\n\t\t\t<\/div>\n\t\t<\/div>","protected":false},"excerpt":{"rendered":"<p>\u00c7ALI\u015eAN &#038;STAJYER AYDINLATMA METN\u0130 OYTUNLAR ORMAN \u00dcR\u00dcNLER\u0130 \u0130N\u015e. NAK. TUR. SAN. T\u0130C. LTD. \u015eT\u0130. (OYTUN HOTEL) K\u0130\u015e\u0130SEL VER\u0130LER\u0130N KORUNMASINA \u0130L\u0130\u015eK\u0130N \u00c7ALI\u015eAN&amp;STAJYER AYDINLATMA METN\u0130 Veri Sorumlusu; OYTUNLAR ORMAN \u00dcR\u00dcNLER\u0130 \u0130N\u015e. NAK. TUR. SAN. T\u0130C. LTD. \u015eT\u0130. (bundan sonra \u201c\u015firket\u201d veya \u201cotel\u201d olarak ifade edilecektir.) taraf\u0131ndan, 6698 Say\u0131l\u0131 Ki\u015fisel Verilerin Korunmas\u0131 Kanun\u2019u (Bundan sonra \u201cKVKK\u201d olarak ifade [&hellip;]<\/p>","protected":false},"author":1,"featured_media":0,"parent":0,"menu_order":0,"comment_status":"closed","ping_status":"closed","template":"","meta":{"footnotes":""},"class_list":["post-781","page","type-page","status-publish","hentry","entry"],"_links":{"self":[{"href":"https:\/\/oytunparkhotel.com\/en\/wp-json\/wp\/v2\/pages\/781","targetHints":{"allow":["GET"]}}],"collection":[{"href":"https:\/\/oytunparkhotel.com\/en\/wp-json\/wp\/v2\/pages"}],"about":[{"href":"https:\/\/oytunparkhotel.com\/en\/wp-json\/wp\/v2\/types\/page"}],"author":[{"embeddable":true,"href":"https:\/\/oytunparkhotel.com\/en\/wp-json\/wp\/v2\/users\/1"}],"replies":[{"embeddable":true,"href":"https:\/\/oytunparkhotel.com\/en\/wp-json\/wp\/v2\/comments?post=781"}],"version-history":[{"count":3,"href":"https:\/\/oytunparkhotel.com\/en\/wp-json\/wp\/v2\/pages\/781\/revisions"}],"predecessor-version":[{"id":800,"href":"https:\/\/oytunparkhotel.com\/en\/wp-json\/wp\/v2\/pages\/781\/revisions\/800"}],"wp:attachment":[{"href":"https:\/\/oytunparkhotel.com\/en\/wp-json\/wp\/v2\/media?parent=781"}],"curies":[{"name":"wp","href":"https:\/\/api.w.org\/{rel}","templated":true}]}}