{"id":734,"date":"2023-10-31T09:48:32","date_gmt":"2023-10-31T06:48:32","guid":{"rendered":"http:\/\/oytunparkhotel.com\/?page_id=734"},"modified":"2023-10-31T09:50:46","modified_gmt":"2023-10-31T06:50:46","slug":"surdurulebilir-yonetim-sistemi-politikasi","status":"publish","type":"page","link":"https:\/\/oytunparkhotel.com\/en\/surdurulebilir-yonetim-sistemi-politikasi\/","title":{"rendered":"Sustainable Management System Policy"},"content":{"rendered":"<div data-elementor-type=\"wp-page\" data-elementor-id=\"734\" class=\"elementor elementor-734\" data-elementor-settings=\"[]\">\n\t\t\t<div class=\"elementor-inner\">\n\t\t\t\t<div class=\"elementor-section-wrap\">\n\t\t\t\t\t\t\t<section class=\"elementor-element elementor-element-5a1f9e8 elementor-section-boxed elementor-section-height-default elementor-section-height-default elementor-section elementor-top-section\" data-id=\"5a1f9e8\" data-element_type=\"section\">\n\t\t\t\t\t\t<div class=\"elementor-container elementor-column-gap-default\">\n\t\t\t\t<div class=\"elementor-row\">\n\t\t\t\t<div class=\"elementor-element elementor-element-23a9427 elementor-column elementor-col-100 elementor-top-column\" data-id=\"23a9427\" data-element_type=\"column\">\n\t\t\t<div class=\"elementor-column-wrap  elementor-element-populated\">\n\t\t\t\t\t<div class=\"elementor-widget-wrap\">\n\t\t\t\t<div class=\"elementor-element elementor-element-cad6116 elementor-widget elementor-widget-heading\" data-id=\"cad6116\" data-element_type=\"widget\" data-widget_type=\"heading.default\">\n\t\t\t\t<div class=\"elementor-widget-container\">\n\t\t\t<h2 class=\"elementor-heading-title elementor-size-default\">S\u00dcRD\u00dcR\u00dcLEB\u0130L\u0130R Y\u00d6NET\u0130M\nS\u0130STEM\u0130 POL\u0130T\u0130KASI\n<\/h2>\t\t<\/div>\n\t\t\t\t<\/div>\n\t\t\t\t<div class=\"elementor-element elementor-element-6b66790 elementor-widget elementor-widget-text-editor\" data-id=\"6b66790\" data-element_type=\"widget\" data-widget_type=\"text-editor.default\">\n\t\t\t\t<div class=\"elementor-widget-container\">\n\t\t\t\t\t<div class=\"elementor-text-editor elementor-clearfix\"><p>\u00a0 \u00a0 \u00a0 \u00a0 \u00a0Y\u00f6netimimiz taraf\u0131ndan, \u00e7al\u0131\u015fanlar\u0131m\u0131z\u0131n da kat\u0131l\u0131m\u0131yla s\u00fcrd\u00fcr\u00fclebilir turizm kriterlerine uygun politikas\u0131na uyumlu hedefler koymay\u0131, bu hedeflere ula\u015fmak i\u00e7in aksiyonlar olu\u015fturmay\u0131, d\u00fczenli olarak g\u00f6zden ge\u00e7irmeyi ve gereken kayna\u011f\u0131 sa\u011flamay\u0131, Otelin tabi oldu\u011fu ilgili t\u00fcm yasa ve y\u00f6netmelikleri takip ederek gereklerini yerine getirmeyi,\u00a0 T\u00fcm payda\u015flarla Enerji, su, do\u011fal kaynaklar\u0131n, yerel tedarik\u00e7ilerin desteklenmesi ilgili konularda ortak de\u011fer ve faydal\u0131 sonu\u00e7lar yaratmak \u00fczere etkin ileti\u015fim kurmay\u0131,\u00a0 Enerji ve do\u011fal kaynak kullan\u0131m\u0131n\u0131 etkin y\u00f6neterek faaliyetlerimizde kaynak verimlili\u011fini art\u0131rmak,\u00a0 Do\u011fal \u00e7evre ve biyolojik \u00e7e\u015fitlilik \u00fczerindeki etkilerimizi dikkate alarak kulland\u0131\u011f\u0131m\u0131z malzemelerin ve \u00fcr\u00fcnlerin \u00e7evresel etkilerini en aza indirmek, Do\u011fal ve k\u00fclt\u00fcrel miras\u0131 korumak\u00a0 Din, mezhep, dil, \u0131rk, renk, cinsiyet, medeni hal, siyasi d\u00fc\u015f\u00fcnce, ya\u015f, fiziksel engel ve benzeri nedenlerle ayr\u0131m g\u00f6zetmeksizin e\u015fitlik sa\u011flamak, \u00c7al\u0131\u015fanlar\u0131m\u0131z\u0131n ve payda\u015flar\u0131m\u0131z\u0131n i\u015f g\u00fcvenli\u011fini ve sa\u011fl\u0131\u011f\u0131n\u0131 \u00f6n planda tutmak, Otellerin bulundu\u011fu b\u00f6lgelerin kalk\u0131nmas\u0131, toplumun refah seviyesinin artmas\u0131, ekonomik ve sosyal olarak ileri gitmesi i\u00e7in projeler \u00fcretmek veya bu t\u00fcr projelere destek vermek, sosyal sorumluluk bilinciyle hareket etme ve toplumun geli\u015fimine katk\u0131 sa\u011flamak,\u00a0 \u00c7al\u0131\u015fanlar\u0131 yer alabilecekleri sosyal ve toplumsal faaliyetlere g\u00f6n\u00fcll\u00fc olmalar\u0131 konusunda destekleyerek fark\u0131ndal\u0131k olu\u015fturmak,\u00a0 Yerel halk\u0131n istihdam\u0131n\u0131 art\u0131rmak ve yerel halk\u0131 g\u00fc\u00e7lendirmek, Tedarik\u00e7ilerimizle yak\u0131n ili\u015fki i\u00e7erisinde bulunarak s\u00fcrd\u00fcr\u00fclebilirlik performans\u0131m\u0131z\u0131 artt\u0131rmak S\u00fcrd\u00fcr\u00fclebilirlik uygulamalar\u0131m\u0131z\u0131 \u015feffafl\u0131k i\u00e7inde payda\u015flar\u0131m\u0131zla d\u00fczenli olarak payla\u015fmak,\u00a0 S\u00fcrd\u00fcr\u00fclebilirlik hedeflerine ula\u015fmak i\u00e7in yeterli insan, teknoloji ve finansal kayna\u011f\u0131 temin etmek ve bu kaynaklar\u0131 optimum kullanmak,\u00a0 T\u00fcm s\u00fcre\u00e7lerde s\u00fcrd\u00fcr\u00fclebilirlik etkinli\u011fi ve yo\u011funlu\u011funu i\u00e7eren enerji, su, sat\u0131n alma performans de\u011ferlerini y\u00fckseltmek,\u00a0 Enerji ve su t\u00fcketimini azaltma, enerji ve su verimlili\u011fi ile ilgili s\u00fcrekli geli\u015fmeye y\u00f6nelik iyile\u015ftirme yapmak, bunlar\u0131n uygulanmas\u0131n\u0131 ve sonu\u00e7lar\u0131n\u0131 takip etmek,\u00a0 S\u0131f\u0131r at\u0131k, at\u0131klar\u0131n azalt\u0131lmas\u0131, kimyasal kullan\u0131m\u0131n azalt\u0131lmas\u0131 i\u00e7in \u00e7evreye duyarl\u0131 ve verimli \u00fcr\u00fcnlerin sat\u0131n al\u0131nmas\u0131 ve tedarik edilmesi\u00a0 Payda\u015flar\u0131m\u0131zla i\u015fbirli\u011fi i\u00e7inde kar\u015f\u0131l\u0131kl\u0131 yararlar do\u011frultusunda \u00e7al\u0131\u015fmalar\u0131m\u0131z\u0131 s\u00fcrd\u00fcrmek.\u00a0 Y\u00f6netim sistemi kapsam\u0131ndaki hedefler ve ama\u00e7lara ula\u015fmak i\u00e7in \u00a0\u0130nsan sa\u011fl\u0131\u011f\u0131 ve insan haklar\u0131na uygun mevzuat ve y\u00fck\u00fcml\u00fcl\u00fckleri yerine getirmek\u00a0 D\u00fcnya \u00fczerinde giderek b\u00fcy\u00fcyen kurakl\u0131k sebebiyle, su tasarruf \u00f6nlemlerini artt\u0131rmak\u00a0 B\u00f6lge ve otel \u00e7evresinde ya\u015fayan canl\u0131 varl\u0131klar\u0131n do\u011fal ya\u015fam alanlar\u0131n\u0131n korunmas\u0131 sa\u011flamak\u00a0 T\u00fcm \u00e7evre kanunlar\u0131, t\u00fcz\u00fckleri ve d\u00fczenlemelerine uyarak, hizmet verdi\u011fimiz toplumlara, y\u00fcksek kalitede hizmet, ekonomik b\u00fcy\u00fcme, \u00e7evre koruma, toplumsal kat\u0131l\u0131m ve istihdam sa\u011flamak.<\/p><p>\u00a0 \u00a0 \u00a0 \u00a0 \u00a0\u00dcst y\u00f6netimimiz t\u00fcm bilgi ve kaynaklar\u0131 sa\u011flamay\u0131 taahh\u00fct etmektedir.<\/p><\/div>\n\t\t\t\t<\/div>\n\t\t\t\t<\/div>\n\t\t\t\t\t\t<\/div>\n\t\t\t<\/div>\n\t\t<\/div>\n\t\t\t\t\t\t<\/div>\n\t\t\t<\/div>\n\t\t<\/section>\n\t\t\t\t\t\t<\/div>\n\t\t\t<\/div>\n\t\t<\/div>","protected":false},"excerpt":{"rendered":"<p>S\u00dcRD\u00dcR\u00dcLEB\u0130L\u0130R Y\u00d6NET\u0130M S\u0130STEM\u0130 POL\u0130T\u0130KASI \u00a0 \u00a0 \u00a0 \u00a0 \u00a0Y\u00f6netimimiz taraf\u0131ndan, \u00e7al\u0131\u015fanlar\u0131m\u0131z\u0131n da kat\u0131l\u0131m\u0131yla s\u00fcrd\u00fcr\u00fclebilir turizm kriterlerine uygun politikas\u0131na uyumlu hedefler koymay\u0131, bu hedeflere ula\u015fmak i\u00e7in aksiyonlar olu\u015fturmay\u0131, d\u00fczenli olarak g\u00f6zden ge\u00e7irmeyi ve gereken kayna\u011f\u0131 sa\u011flamay\u0131, Otelin tabi oldu\u011fu ilgili t\u00fcm yasa ve y\u00f6netmelikleri takip ederek gereklerini yerine getirmeyi,\u00a0 T\u00fcm payda\u015flarla Enerji, su, do\u011fal kaynaklar\u0131n, yerel [&hellip;]<\/p>","protected":false},"author":1,"featured_media":0,"parent":0,"menu_order":0,"comment_status":"closed","ping_status":"closed","template":"","meta":{"footnotes":""},"class_list":["post-734","page","type-page","status-publish","hentry","entry"],"_links":{"self":[{"href":"https:\/\/oytunparkhotel.com\/en\/wp-json\/wp\/v2\/pages\/734","targetHints":{"allow":["GET"]}}],"collection":[{"href":"https:\/\/oytunparkhotel.com\/en\/wp-json\/wp\/v2\/pages"}],"about":[{"href":"https:\/\/oytunparkhotel.com\/en\/wp-json\/wp\/v2\/types\/page"}],"author":[{"embeddable":true,"href":"https:\/\/oytunparkhotel.com\/en\/wp-json\/wp\/v2\/users\/1"}],"replies":[{"embeddable":true,"href":"https:\/\/oytunparkhotel.com\/en\/wp-json\/wp\/v2\/comments?post=734"}],"version-history":[{"count":3,"href":"https:\/\/oytunparkhotel.com\/en\/wp-json\/wp\/v2\/pages\/734\/revisions"}],"predecessor-version":[{"id":737,"href":"https:\/\/oytunparkhotel.com\/en\/wp-json\/wp\/v2\/pages\/734\/revisions\/737"}],"wp:attachment":[{"href":"https:\/\/oytunparkhotel.com\/en\/wp-json\/wp\/v2\/media?parent=734"}],"curies":[{"name":"wp","href":"https:\/\/api.w.org\/{rel}","templated":true}]}}