{"id":16,"date":"2020-07-24T11:21:41","date_gmt":"2020-07-24T08:21:41","guid":{"rendered":"http:\/\/oytunparkhotel.com\/?page_id=16"},"modified":"2021-06-09T19:30:24","modified_gmt":"2021-06-09T16:30:24","slug":"anasayfa","status":"publish","type":"page","link":"https:\/\/oytunparkhotel.com\/en\/","title":{"rendered":"Homepage"},"content":{"rendered":"<div data-elementor-type=\"wp-page\" data-elementor-id=\"16\" class=\"elementor elementor-16\" data-elementor-settings=\"[]\">\n\t\t\t<div class=\"elementor-inner\">\n\t\t\t\t<div class=\"elementor-section-wrap\">\n\t\t\t\t\t\t\t<section class=\"elementor-element elementor-element-e0b1748 elementor-section-stretched elementor-section-full_width elementor-section-height-full elementor-section-content-middle elementor-section-height-default elementor-section-items-middle elementor-section elementor-top-section\" data-id=\"e0b1748\" data-element_type=\"section\" data-settings=\"{&quot;stretch_section&quot;:&quot;section-stretched&quot;}\">\n\t\t\t\t\t\t<div class=\"elementor-container elementor-column-gap-no\">\n\t\t\t\t<div class=\"elementor-row\">\n\t\t\t\t<div class=\"elementor-element elementor-element-1476626 elementor-column elementor-col-100 elementor-top-column\" data-id=\"1476626\" data-element_type=\"column\">\n\t\t\t<div class=\"elementor-column-wrap  elementor-element-populated\">\n\t\t\t\t\t<div class=\"elementor-widget-wrap\">\n\t\t\t\t<div class=\"elementor-element elementor-element-f74a2db elementor-skin-carousel elementor-arrows-yes elementor-widget elementor-widget-media-carousel\" data-id=\"f74a2db\" data-element_type=\"widget\" data-settings=\"{&quot;effect&quot;:&quot;fade&quot;,&quot;skin&quot;:&quot;carousel&quot;,&quot;show_arrows&quot;:&quot;yes&quot;,&quot;speed&quot;:500,&quot;autoplay&quot;:&quot;yes&quot;,&quot;autoplay_speed&quot;:5000,&quot;loop&quot;:&quot;yes&quot;,&quot;space_between&quot;:{&quot;unit&quot;:&quot;px&quot;,&quot;size&quot;:10,&quot;sizes&quot;:[]},&quot;space_between_tablet&quot;:{&quot;unit&quot;:&quot;px&quot;,&quot;size&quot;:10,&quot;sizes&quot;:[]},&quot;space_between_mobile&quot;:{&quot;unit&quot;:&quot;px&quot;,&quot;size&quot;:10,&quot;sizes&quot;:[]}}\" data-widget_type=\"media-carousel.default\">\n\t\t\t\t<div class=\"elementor-widget-container\">\n\t\t\t\t\t<div class=\"elementor-swiper\">\n\t\t\t<div class=\"elementor-main-swiper swiper-container\">\n\t\t\t\t<div class=\"swiper-wrapper\">\n\t\t\t\t\t\t\t\t\t\t\t<div class=\"swiper-slide\">\n\t\t\t\t\t\t\t\t\t<div class=\"elementor-carousel-image\" style=\"background-image: url(https:\/\/oytunparkhotel.com\/wp-content\/uploads\/2020\/07\/2U4C4005.jpg)\">\n\t\t\t\t\t<\/div>\n\t\t\t\t\t\t\t\t<\/div>\n\t\t\t\t\t\t\t\t\t\t\t<div class=\"swiper-slide\">\n\t\t\t\t\t\t\t\t\t<div class=\"elementor-carousel-image\" style=\"background-image: url(https:\/\/oytunparkhotel.com\/wp-content\/uploads\/2020\/07\/2U4C2628.jpg)\">\n\t\t\t\t\t<\/div>\n\t\t\t\t\t\t\t\t<\/div>\n\t\t\t\t\t\t\t\t\t\t\t<div class=\"swiper-slide\">\n\t\t\t\t\t\t\t\t\t<div class=\"elementor-carousel-image\" style=\"background-image: url(https:\/\/oytunparkhotel.com\/wp-content\/uploads\/2020\/07\/2U4C2636.jpg)\">\n\t\t\t\t\t<\/div>\n\t\t\t\t\t\t\t\t<\/div>\n\t\t\t\t\t\t\t\t\t\t\t<div class=\"swiper-slide\">\n\t\t\t\t\t\t\t\t\t<div class=\"elementor-carousel-image\" style=\"background-image: url(https:\/\/oytunparkhotel.com\/wp-content\/uploads\/2020\/07\/2U4C2609.jpg)\">\n\t\t\t\t\t<\/div>\n\t\t\t\t\t\t\t\t<\/div>\n\t\t\t\t\t\t\t\t\t<\/div>\n\t\t\t\t\t\t\t\t\t\t\t\t\t\t\t\t\t\t\t\t<div class=\"elementor-swiper-button elementor-swiper-button-prev\">\n\t\t\t\t\t\t\t<i class=\"eicon-chevron-left\" aria-hidden=\"true\"><\/i>\n\t\t\t\t\t\t\t<span class=\"elementor-screen-only\">Previous<\/span>\n\t\t\t\t\t\t<\/div>\n\t\t\t\t\t\t<div class=\"elementor-swiper-button elementor-swiper-button-next\">\n\t\t\t\t\t\t\t<i class=\"eicon-chevron-right\" aria-hidden=\"true\"><\/i>\n\t\t\t\t\t\t\t<span class=\"elementor-screen-only\">Next<\/span>\n\t\t\t\t\t\t<\/div>\n\t\t\t\t\t\t\t\t\t\t\t\t<\/div>\n\t\t<\/div>\n\t\t\t\t<\/div>\n\t\t\t\t<\/div>\n\t\t\t\t\t\t<\/div>\n\t\t\t<\/div>\n\t\t<\/div>\n\t\t\t\t\t\t<\/div>\n\t\t\t<\/div>\n\t\t<\/section>\n\t\t\t\t<section class=\"elementor-element elementor-element-d597e55 elementor-section-boxed elementor-section-height-default elementor-section-height-default elementor-section elementor-top-section\" data-id=\"d597e55\" data-element_type=\"section\">\n\t\t\t\t\t\t<div class=\"elementor-container elementor-column-gap-default\">\n\t\t\t\t<div class=\"elementor-row\">\n\t\t\t\t<div class=\"elementor-element elementor-element-55554e2 elementor-column elementor-col-25 elementor-top-column\" data-id=\"55554e2\" data-element_type=\"column\">\n\t\t\t<div class=\"elementor-column-wrap  elementor-element-populated\">\n\t\t\t\t\t<div class=\"elementor-widget-wrap\">\n\t\t\t\t<div class=\"elementor-element elementor-element-6cce11f oew-info-box-top elementor-widget elementor-widget-oew-info-box\" data-id=\"6cce11f\" data-element_type=\"widget\" data-settings=\"{&quot;position&quot;:&quot;top&quot;}\" data-widget_type=\"oew-info-box.default\">\n\t\t\t\t<div class=\"elementor-widget-container\">\n\t\t\t\r\n\t\t<div class=\"oew-info-box-wrap\">\r\n\t        <div class=\"oew-info-box\">\r\n\r\n\t        \t\t                <div class=\"oew-info-box-icon-wrap\">\r\n\t                    <span class=\"oew-info-box-icon\">\r\n\t                        <a href=\"\/en\/~\/hakkimizda\/\">\t\t\t\t\t\t\t\t<img decoding=\"async\" src=\"https:\/\/oytunparkhotel.com\/wp-content\/uploads\/2020\/07\/icon2-e1595580831125.png\" title=\"\" alt=\"\" \/>\t\t\t\t\t\t\t\t\t<\/a>\r\n\t\t\t\t\t\t\t\t\t                    <\/span>\r\n\t                <\/div>\r\n\t            \r\n\t        \t<div class=\"oew-info-box-content\">\r\n\t            \t\t\t        \t\t<a class=\"oew-info-box-title\" href=\"\/en\/~\/hakkimizda\/\">\r\n\t\t\t\t\t\t\tWHO ARE WE\t\t\t\t\t\t<\/a>\r\n\t                \r\n\t        \t\t\t                    <div class=\"oew-info-box-divider-wrap\">\r\n\t                        <div class=\"oew-info-box-divider\"><\/div>\r\n\t                    <\/div>\r\n\t                \r\n\t            \t\t\t        \t\t<div class=\"oew-info-box-description\">\r\n\t\t        \t\t\tClick to get more information about us and our company\u2026\t\t        \t\t<\/div>\r\n\t                \r\n\t                \t            <\/div>\r\n\r\n\t        <\/div>\r\n        <\/div>\r\n\r\n\t\t\t<\/div>\n\t\t\t\t<\/div>\n\t\t\t\t\t\t<\/div>\n\t\t\t<\/div>\n\t\t<\/div>\n\t\t\t\t<div class=\"elementor-element elementor-element-0fdf71f elementor-column elementor-col-25 elementor-top-column\" data-id=\"0fdf71f\" data-element_type=\"column\">\n\t\t\t<div class=\"elementor-column-wrap  elementor-element-populated\">\n\t\t\t\t\t<div class=\"elementor-widget-wrap\">\n\t\t\t\t<div class=\"elementor-element elementor-element-1f17573 oew-info-box-top elementor-widget elementor-widget-oew-info-box\" data-id=\"1f17573\" data-element_type=\"widget\" data-settings=\"{&quot;position&quot;:&quot;top&quot;}\" data-widget_type=\"oew-info-box.default\">\n\t\t\t\t<div class=\"elementor-widget-container\">\n\t\t\t\r\n\t\t<div class=\"oew-info-box-wrap\">\r\n\t        <div class=\"oew-info-box\">\r\n\r\n\t        \t\t                <div class=\"oew-info-box-icon-wrap\">\r\n\t                    <span class=\"oew-info-box-icon\">\r\n\t                        <a href=\"\/en\/~\/odalarimiz\/\">\t\t\t\t\t\t\t\t<img decoding=\"async\" src=\"https:\/\/oytunparkhotel.com\/wp-content\/uploads\/2020\/07\/icon1-e1595580759916.png\" title=\"\" alt=\"\" \/>\t\t\t\t\t\t\t\t\t<\/a>\r\n\t\t\t\t\t\t\t\t\t                    <\/span>\r\n\t                <\/div>\r\n\t            \r\n\t        \t<div class=\"oew-info-box-content\">\r\n\t            \t\t\t        \t\t<a class=\"oew-info-box-title\" href=\"\/en\/~\/odalarimiz\/\">\r\n\t\t\t\t\t\t\tROOMS\t\t\t\t\t\t<\/a>\r\n\t                \r\n\t        \t\t\t                    <div class=\"oew-info-box-divider-wrap\">\r\n\t                        <div class=\"oew-info-box-divider\"><\/div>\r\n\t                    <\/div>\r\n\t                \r\n\t            \t\t\t        \t\t<div class=\"oew-info-box-description\">\r\n\t\t        \t\t\tWe reinterpret comfort in spacious and smart rooms with different bed types\u2026\t\t        \t\t<\/div>\r\n\t                \r\n\t                \t            <\/div>\r\n\r\n\t        <\/div>\r\n        <\/div>\r\n\r\n\t\t\t<\/div>\n\t\t\t\t<\/div>\n\t\t\t\t\t\t<\/div>\n\t\t\t<\/div>\n\t\t<\/div>\n\t\t\t\t<div class=\"elementor-element elementor-element-c63806c elementor-column elementor-col-25 elementor-top-column\" data-id=\"c63806c\" data-element_type=\"column\">\n\t\t\t<div class=\"elementor-column-wrap  elementor-element-populated\">\n\t\t\t\t\t<div class=\"elementor-widget-wrap\">\n\t\t\t\t<div class=\"elementor-element elementor-element-f33fc5e oew-info-box-top elementor-widget elementor-widget-oew-info-box\" data-id=\"f33fc5e\" data-element_type=\"widget\" data-settings=\"{&quot;position&quot;:&quot;top&quot;}\" data-widget_type=\"oew-info-box.default\">\n\t\t\t\t<div class=\"elementor-widget-container\">\n\t\t\t\r\n\t\t<div class=\"oew-info-box-wrap\">\r\n\t        <div class=\"oew-info-box\">\r\n\r\n\t        \t\t                <div class=\"oew-info-box-icon-wrap\">\r\n\t                    <span class=\"oew-info-box-icon\">\r\n\t                        <a href=\"\/en\/~\/otelimiz\/\">\t\t\t\t\t\t\t\t<img decoding=\"async\" src=\"https:\/\/oytunparkhotel.com\/wp-content\/uploads\/2020\/07\/icon3-e1595580875454.png\" title=\"\" alt=\"\" \/>\t\t\t\t\t\t\t\t\t<\/a>\r\n\t\t\t\t\t\t\t\t\t                    <\/span>\r\n\t                <\/div>\r\n\t            \r\n\t        \t<div class=\"oew-info-box-content\">\r\n\t            \t\t\t        \t\t<a class=\"oew-info-box-title\" href=\"\/en\/~\/otelimiz\/\">\r\n\t\t\t\t\t\t\tSERVICES\t\t\t\t\t\t<\/a>\r\n\t                \r\n\t        \t\t\t                    <div class=\"oew-info-box-divider-wrap\">\r\n\t                        <div class=\"oew-info-box-divider\"><\/div>\r\n\t                    <\/div>\r\n\t                \r\n\t            \t\t\t        \t\t<div class=\"oew-info-box-description\">\r\n\t\t        \t\t\tWe blend the services we offer to you with the local tastes and flavors of \u00c7anakkale.\t\t        \t\t<\/div>\r\n\t                \r\n\t                \t            <\/div>\r\n\r\n\t        <\/div>\r\n        <\/div>\r\n\r\n\t\t\t<\/div>\n\t\t\t\t<\/div>\n\t\t\t\t\t\t<\/div>\n\t\t\t<\/div>\n\t\t<\/div>\n\t\t\t\t<div class=\"elementor-element elementor-element-ad3d6c4 elementor-column elementor-col-25 elementor-top-column\" data-id=\"ad3d6c4\" data-element_type=\"column\">\n\t\t\t<div class=\"elementor-column-wrap  elementor-element-populated\">\n\t\t\t\t\t<div class=\"elementor-widget-wrap\">\n\t\t\t\t<div class=\"elementor-element elementor-element-fd3c840 oew-info-box-top elementor-widget elementor-widget-oew-info-box\" data-id=\"fd3c840\" data-element_type=\"widget\" data-settings=\"{&quot;position&quot;:&quot;top&quot;}\" data-widget_type=\"oew-info-box.default\">\n\t\t\t\t<div class=\"elementor-widget-container\">\n\t\t\t\r\n\t\t<div class=\"oew-info-box-wrap\">\r\n\t        <div class=\"oew-info-box\">\r\n\r\n\t        \t\t                <div class=\"oew-info-box-icon-wrap\">\r\n\t                    <span class=\"oew-info-box-icon\">\r\n\t                        <a href=\"\/en\/~\/ulasim\/\">\t\t\t\t\t\t\t\t<img decoding=\"async\" src=\"https:\/\/oytunparkhotel.com\/wp-content\/uploads\/2020\/07\/icon4-e1595580921861.png\" title=\"\" alt=\"\" \/>\t\t\t\t\t\t\t\t\t<\/a>\r\n\t\t\t\t\t\t\t\t\t                    <\/span>\r\n\t                <\/div>\r\n\t            \r\n\t        \t<div class=\"oew-info-box-content\">\r\n\t            \t\t\t        \t\t<a class=\"oew-info-box-title\" href=\"\/en\/~\/ulasim\/\">\r\n\t\t\t\t\t\t\tTRANSPORTATION\t\t\t\t\t\t<\/a>\r\n\t                \r\n\t        \t\t\t                    <div class=\"oew-info-box-divider-wrap\">\r\n\t                        <div class=\"oew-info-box-divider\"><\/div>\r\n\t                    <\/div>\r\n\t                \r\n\t            \t\t\t        \t\t<div class=\"oew-info-box-description\">\r\n\t\t        \t\t\tView our location so you can find our hotel easily\u2026\t\t        \t\t<\/div>\r\n\t                \r\n\t                \t            <\/div>\r\n\r\n\t        <\/div>\r\n        <\/div>\r\n\r\n\t\t\t<\/div>\n\t\t\t\t<\/div>\n\t\t\t\t\t\t<\/div>\n\t\t\t<\/div>\n\t\t<\/div>\n\t\t\t\t\t\t<\/div>\n\t\t\t<\/div>\n\t\t<\/section>\n\t\t\t\t<section class=\"elementor-element elementor-element-23b13c3 elementor-section-boxed elementor-section-height-default elementor-section-height-default elementor-section elementor-top-section\" data-id=\"23b13c3\" data-element_type=\"section\">\n\t\t\t\t\t\t<div class=\"elementor-container elementor-column-gap-default\">\n\t\t\t\t<div class=\"elementor-row\">\n\t\t\t\t<div class=\"elementor-element elementor-element-73a8c23 elementor-column elementor-col-20 elementor-top-column\" data-id=\"73a8c23\" data-element_type=\"column\">\n\t\t\t<div class=\"elementor-column-wrap  elementor-element-populated\">\n\t\t\t\t\t<div class=\"elementor-widget-wrap\">\n\t\t\t\t<div class=\"elementor-element elementor-element-4ec28cf elementor-widget elementor-widget-image\" data-id=\"4ec28cf\" data-element_type=\"widget\" data-widget_type=\"image.default\">\n\t\t\t\t<div class=\"elementor-widget-container\">\n\t\t\t\t\t<div class=\"elementor-image\">\n\t\t\t\t\t\t\t\t\t\t\t<a href=\"https:\/\/www.etstur.com\/Oytun-Park-Hotel\" target=\"_blank\">\n\t\t\t\t\t\t\t<img loading=\"lazy\" decoding=\"async\" width=\"1280\" height=\"720\" src=\"https:\/\/oytunparkhotel.com\/wp-content\/uploads\/2020\/10\/etstur.jpg\" class=\"attachment-full size-full\" alt=\"\" srcset=\"https:\/\/oytunparkhotel.com\/wp-content\/uploads\/2020\/10\/etstur.jpg 1280w, https:\/\/oytunparkhotel.com\/wp-content\/uploads\/2020\/10\/etstur-300x169.jpg 300w, https:\/\/oytunparkhotel.com\/wp-content\/uploads\/2020\/10\/etstur-1024x576.jpg 1024w, https:\/\/oytunparkhotel.com\/wp-content\/uploads\/2020\/10\/etstur-768x432.jpg 768w\" sizes=\"auto, (max-width: 1280px) 100vw, 1280px\" \/>\t\t\t\t\t\t\t\t<\/a>\n\t\t\t\t\t\t\t\t\t\t\t<\/div>\n\t\t\t\t<\/div>\n\t\t\t\t<\/div>\n\t\t\t\t\t\t<\/div>\n\t\t\t<\/div>\n\t\t<\/div>\n\t\t\t\t<div class=\"elementor-element elementor-element-79d1a21 elementor-column elementor-col-20 elementor-top-column\" data-id=\"79d1a21\" data-element_type=\"column\">\n\t\t\t<div class=\"elementor-column-wrap  elementor-element-populated\">\n\t\t\t\t\t<div class=\"elementor-widget-wrap\">\n\t\t\t\t<div class=\"elementor-element elementor-element-fd40359 elementor-widget elementor-widget-image\" data-id=\"fd40359\" data-element_type=\"widget\" data-widget_type=\"image.default\">\n\t\t\t\t<div class=\"elementor-widget-container\">\n\t\t\t\t\t<div class=\"elementor-image\">\n\t\t\t\t\t\t\t\t\t\t\t<a href=\"https:\/\/www.expedia.com\/Canakkale-Hotels-Oytun-Park-Hotel.h30518354.Hotel-Information\" target=\"_blank\">\n\t\t\t\t\t\t\t<img loading=\"lazy\" decoding=\"async\" width=\"1000\" height=\"600\" src=\"https:\/\/oytunparkhotel.com\/wp-content\/uploads\/2020\/10\/expedia.png\" class=\"attachment-full size-full\" alt=\"\" srcset=\"https:\/\/oytunparkhotel.com\/wp-content\/uploads\/2020\/10\/expedia.png 1000w, https:\/\/oytunparkhotel.com\/wp-content\/uploads\/2020\/10\/expedia-300x180.png 300w, https:\/\/oytunparkhotel.com\/wp-content\/uploads\/2020\/10\/expedia-768x461.png 768w\" sizes=\"auto, (max-width: 1000px) 100vw, 1000px\" \/>\t\t\t\t\t\t\t\t<\/a>\n\t\t\t\t\t\t\t\t\t\t\t<\/div>\n\t\t\t\t<\/div>\n\t\t\t\t<\/div>\n\t\t\t\t\t\t<\/div>\n\t\t\t<\/div>\n\t\t<\/div>\n\t\t\t\t<div class=\"elementor-element elementor-element-1dab61a elementor-column elementor-col-20 elementor-top-column\" data-id=\"1dab61a\" data-element_type=\"column\">\n\t\t\t<div class=\"elementor-column-wrap  elementor-element-populated\">\n\t\t\t\t\t<div class=\"elementor-widget-wrap\">\n\t\t\t\t<div class=\"elementor-element elementor-element-2e50ffe elementor-widget elementor-widget-image\" data-id=\"2e50ffe\" data-element_type=\"widget\" data-widget_type=\"image.default\">\n\t\t\t\t<div class=\"elementor-widget-container\">\n\t\t\t\t\t<div class=\"elementor-image\">\n\t\t\t\t\t\t\t\t\t\t\t<a href=\"https:\/\/www.odamax.com\/tr\/hotel\/oytun-park-hotel-289794\" target=\"_blank\">\n\t\t\t\t\t\t\t<img loading=\"lazy\" decoding=\"async\" width=\"600\" height=\"345\" src=\"https:\/\/oytunparkhotel.com\/wp-content\/uploads\/2020\/10\/odamax.jpg\" class=\"attachment-full size-full\" alt=\"\" srcset=\"https:\/\/oytunparkhotel.com\/wp-content\/uploads\/2020\/10\/odamax.jpg 600w, https:\/\/oytunparkhotel.com\/wp-content\/uploads\/2020\/10\/odamax-300x173.jpg 300w\" sizes=\"auto, (max-width: 600px) 100vw, 600px\" \/>\t\t\t\t\t\t\t\t<\/a>\n\t\t\t\t\t\t\t\t\t\t\t<\/div>\n\t\t\t\t<\/div>\n\t\t\t\t<\/div>\n\t\t\t\t\t\t<\/div>\n\t\t\t<\/div>\n\t\t<\/div>\n\t\t\t\t<div class=\"elementor-element elementor-element-dc00ad5 elementor-column elementor-col-20 elementor-top-column\" data-id=\"dc00ad5\" data-element_type=\"column\">\n\t\t\t<div class=\"elementor-column-wrap  elementor-element-populated\">\n\t\t\t\t\t<div class=\"elementor-widget-wrap\">\n\t\t\t\t<div class=\"elementor-element elementor-element-eac4f42 elementor-widget elementor-widget-image\" data-id=\"eac4f42\" data-element_type=\"widget\" data-widget_type=\"image.default\">\n\t\t\t\t<div class=\"elementor-widget-container\">\n\t\t\t\t\t<div class=\"elementor-image\">\n\t\t\t\t\t\t\t\t\t\t\t<a href=\"https:\/\/www.otelz.com\/hotel\/oytun-park-hotel\" target=\"_blank\">\n\t\t\t\t\t\t\t<img loading=\"lazy\" decoding=\"async\" width=\"198\" height=\"76\" src=\"https:\/\/oytunparkhotel.com\/wp-content\/uploads\/2020\/10\/otelz_adm.png\" class=\"attachment-full size-full\" alt=\"\" \/>\t\t\t\t\t\t\t\t<\/a>\n\t\t\t\t\t\t\t\t\t\t\t<\/div>\n\t\t\t\t<\/div>\n\t\t\t\t<\/div>\n\t\t\t\t\t\t<\/div>\n\t\t\t<\/div>\n\t\t<\/div>\n\t\t\t\t<div class=\"elementor-element elementor-element-a87c47f elementor-column elementor-col-20 elementor-top-column\" data-id=\"a87c47f\" data-element_type=\"column\">\n\t\t\t<div class=\"elementor-column-wrap  elementor-element-populated\">\n\t\t\t\t\t<div class=\"elementor-widget-wrap\">\n\t\t\t\t<div class=\"elementor-element elementor-element-2ed2248 elementor-widget elementor-widget-image\" data-id=\"2ed2248\" data-element_type=\"widget\" data-widget_type=\"image.default\">\n\t\t\t\t<div class=\"elementor-widget-container\">\n\t\t\t\t\t<div class=\"elementor-image\">\n\t\t\t\t\t\t\t\t\t\t\t<a href=\"https:\/\/www.tatilsepeti.com\/oytun-park-hotel\" target=\"_blank\">\n\t\t\t\t\t\t\t<img loading=\"lazy\" decoding=\"async\" width=\"480\" height=\"180\" src=\"https:\/\/oytunparkhotel.com\/wp-content\/uploads\/2020\/10\/tatilsepeti.png\" class=\"attachment-full size-full\" alt=\"\" srcset=\"https:\/\/oytunparkhotel.com\/wp-content\/uploads\/2020\/10\/tatilsepeti.png 480w, https:\/\/oytunparkhotel.com\/wp-content\/uploads\/2020\/10\/tatilsepeti-300x113.png 300w\" sizes=\"auto, (max-width: 480px) 100vw, 480px\" \/>\t\t\t\t\t\t\t\t<\/a>\n\t\t\t\t\t\t\t\t\t\t\t<\/div>\n\t\t\t\t<\/div>\n\t\t\t\t<\/div>\n\t\t\t\t\t\t<\/div>\n\t\t\t<\/div>\n\t\t<\/div>\n\t\t\t\t\t\t<\/div>\n\t\t\t<\/div>\n\t\t<\/section>\n\t\t\t\t\t\t<\/div>\n\t\t\t<\/div>\n\t\t<\/div>","protected":false},"excerpt":{"rendered":"<p>Previous Next B\u0130Z K\u0130M\u0130Z Biz ve firmam\u0131z hakk\u0131nda daha fazla bilgi almak i\u00e7in t\u0131klay\u0131n&#8230; ODALARIMIZ Geni\u015f ve ak\u0131ll\u0131 odalarda konforu, farkl\u0131 yatak tipleri ile yeniden yorumluyoruz&#8230; H\u0130ZMETLER\u0130M\u0130Z Sizlere sundu\u011fumuz hizmetleri, \u00c7anakkale&#8217;nin y\u00f6resel tat ve lezzetleri ile harmanl\u0131yoruz. ULA\u015eIM Otelimizi rahatl\u0131kla bulabilmeniz i\u00e7in konumumuzu g\u00f6r\u00fcnt\u00fcleyin&#8230;<\/p>","protected":false},"author":1,"featured_media":0,"parent":0,"menu_order":0,"comment_status":"closed","ping_status":"closed","template":"","meta":{"footnotes":""},"class_list":["post-16","page","type-page","status-publish","hentry","entry"],"_links":{"self":[{"href":"https:\/\/oytunparkhotel.com\/en\/wp-json\/wp\/v2\/pages\/16","targetHints":{"allow":["GET"]}}],"collection":[{"href":"https:\/\/oytunparkhotel.com\/en\/wp-json\/wp\/v2\/pages"}],"about":[{"href":"https:\/\/oytunparkhotel.com\/en\/wp-json\/wp\/v2\/types\/page"}],"author":[{"embeddable":true,"href":"https:\/\/oytunparkhotel.com\/en\/wp-json\/wp\/v2\/users\/1"}],"replies":[{"embeddable":true,"href":"https:\/\/oytunparkhotel.com\/en\/wp-json\/wp\/v2\/comments?post=16"}],"version-history":[{"count":28,"href":"https:\/\/oytunparkhotel.com\/en\/wp-json\/wp\/v2\/pages\/16\/revisions"}],"predecessor-version":[{"id":648,"href":"https:\/\/oytunparkhotel.com\/en\/wp-json\/wp\/v2\/pages\/16\/revisions\/648"}],"wp:attachment":[{"href":"https:\/\/oytunparkhotel.com\/en\/wp-json\/wp\/v2\/media?parent=16"}],"curies":[{"name":"wp","href":"https:\/\/api.w.org\/{rel}","templated":true}]}}