{"id":109,"date":"2020-07-25T18:28:12","date_gmt":"2020-07-25T15:28:12","guid":{"rendered":"http:\/\/oytunparkhotel.com\/?page_id=109"},"modified":"2021-07-06T22:57:19","modified_gmt":"2021-07-06T19:57:19","slug":"hakkimizda","status":"publish","type":"page","link":"https:\/\/oytunparkhotel.com\/en\/hakkimizda\/","title":{"rendered":"About"},"content":{"rendered":"<div data-elementor-type=\"wp-page\" data-elementor-id=\"109\" class=\"elementor elementor-109\" data-elementor-settings=\"[]\">\n\t\t\t<div class=\"elementor-inner\">\n\t\t\t\t<div class=\"elementor-section-wrap\">\n\t\t\t\t\t\t\t<section class=\"elementor-element elementor-element-22d1bb2 elementor-section-stretched elementor-section-boxed elementor-section-height-default elementor-section-height-default elementor-section elementor-top-section\" data-id=\"22d1bb2\" data-element_type=\"section\" data-settings=\"{&quot;stretch_section&quot;:&quot;section-stretched&quot;}\">\n\t\t\t\t\t\t<div class=\"elementor-container elementor-column-gap-default\">\n\t\t\t\t<div class=\"elementor-row\">\n\t\t\t\t<div class=\"elementor-element elementor-element-df9376c elementor-column elementor-col-100 elementor-top-column\" data-id=\"df9376c\" data-element_type=\"column\">\n\t\t\t<div class=\"elementor-column-wrap  elementor-element-populated\">\n\t\t\t\t\t<div class=\"elementor-widget-wrap\">\n\t\t\t\t<div class=\"elementor-element elementor-element-ee359ef elementor-widget elementor-widget-heading\" data-id=\"ee359ef\" data-element_type=\"widget\" data-widget_type=\"heading.default\">\n\t\t\t\t<div class=\"elementor-widget-container\">\n\t\t\t<h2 class=\"elementor-heading-title elementor-size-large\">ABOUT US<\/h2>\t\t<\/div>\n\t\t\t\t<\/div>\n\t\t\t\t\t\t<\/div>\n\t\t\t<\/div>\n\t\t<\/div>\n\t\t\t\t\t\t<\/div>\n\t\t\t<\/div>\n\t\t<\/section>\n\t\t\t\t<section class=\"elementor-element elementor-element-aedef2d elementor-section-stretched elementor-section-boxed elementor-section-height-default elementor-section-height-default elementor-section elementor-top-section\" data-id=\"aedef2d\" data-element_type=\"section\" data-settings=\"{&quot;stretch_section&quot;:&quot;section-stretched&quot;}\">\n\t\t\t\t\t\t<div class=\"elementor-container elementor-column-gap-default\">\n\t\t\t\t<div class=\"elementor-row\">\n\t\t\t\t<div class=\"elementor-element elementor-element-f581894 elementor-column elementor-col-50 elementor-top-column\" data-id=\"f581894\" data-element_type=\"column\">\n\t\t\t<div class=\"elementor-column-wrap  elementor-element-populated\">\n\t\t\t\t\t<div class=\"elementor-widget-wrap\">\n\t\t\t\t<div class=\"elementor-element elementor-element-ce97bff elementor-widget elementor-widget-text-editor\" data-id=\"ce97bff\" data-element_type=\"widget\" data-widget_type=\"text-editor.default\">\n\t\t\t\t<div class=\"elementor-widget-container\">\n\t\t\t\t\t<div class=\"elementor-text-editor elementor-clearfix\"><p>Our Oytunlar Orman \u00dcr\u00fcnleri Limited Company, which we established in \u00c7anakkale in 1978, started its activities with the production of furniture and then expanded its field of activity with the sale of furniture materials. With the slogan \"Everything is for people\", in our facility established on an area of \u200b\u200b7000 m2; We continue our manufacturing, sizing, banding and sales activities. Our investments in the construction sector continued during our institutionalization process. At the same time, our company, which set out to realize a hotel project that will provide high-class service in \u00c7anakkale, completed OYTUN PARK HOTEL in 2018 with a capacity of 76 rooms and 148 beds. The goal of our company, which applies all kinds of technical equipment and security systems necessary for the accommodation of our guests without sacrificing comfort and quality, to the hotel building with a closed area of \u200b\u200b\u200b\u200b4250 m2, is to mark our successful commercial life in \u00c7anakkale for 40 years with its service quality, which is also appreciated in the tourism and hotel sector.\n\nOur hotel is located on Troya Street, one of the most popular streets of \u00c7anakkale, to serve you in the most central location by combining luxury and comfort. It is 1 km from \u00c7anakkale Airport, 5 minutes' walking distance from shopping malls, which are shopping and entertainment centers, and 500 meters from \u00c7anakkale Ferry Port. When you come to \u00c7anakkale for business or travel purposes, you can spend a peaceful time away from the hustle and bustle at the location where our hotel serves.<\/p>\n<p>Our hotel is located on Troya Street, one of the most popular streets of \u00c7anakkale, to serve you in the most central location by combining luxury and comfort. It is 1 km from \u00c7anakkale Airport, 5 minutes' walking distance from shopping malls, which are shopping and entertainment centers, and 500 meters from \u00c7anakkale Ferry Port. When you come to \u00c7anakkale, whether for business or sightseeing, you can spend a peaceful time away from the hustle and bustle at the location where our hotel serves.<\/p><\/div>\n\t\t\t\t<\/div>\n\t\t\t\t<\/div>\n\t\t\t\t\t\t<\/div>\n\t\t\t<\/div>\n\t\t<\/div>\n\t\t\t\t<div class=\"elementor-element elementor-element-a8672dc elementor-column elementor-col-50 elementor-top-column\" data-id=\"a8672dc\" data-element_type=\"column\">\n\t\t\t<div class=\"elementor-column-wrap  elementor-element-populated\">\n\t\t\t\t\t<div class=\"elementor-widget-wrap\">\n\t\t\t\t<div class=\"elementor-element elementor-element-a296bbc elementor-skin-carousel elementor-arrows-yes elementor-widget elementor-widget-media-carousel\" data-id=\"a296bbc\" data-element_type=\"widget\" data-settings=\"{&quot;slides_per_view&quot;:&quot;1&quot;,&quot;slides_to_scroll&quot;:&quot;1&quot;,&quot;skin&quot;:&quot;carousel&quot;,&quot;effect&quot;:&quot;slide&quot;,&quot;show_arrows&quot;:&quot;yes&quot;,&quot;speed&quot;:500,&quot;autoplay&quot;:&quot;yes&quot;,&quot;autoplay_speed&quot;:5000,&quot;loop&quot;:&quot;yes&quot;,&quot;space_between&quot;:{&quot;unit&quot;:&quot;px&quot;,&quot;size&quot;:10,&quot;sizes&quot;:[]},&quot;space_between_tablet&quot;:{&quot;unit&quot;:&quot;px&quot;,&quot;size&quot;:10,&quot;sizes&quot;:[]},&quot;space_between_mobile&quot;:{&quot;unit&quot;:&quot;px&quot;,&quot;size&quot;:10,&quot;sizes&quot;:[]}}\" data-widget_type=\"media-carousel.default\">\n\t\t\t\t<div class=\"elementor-widget-container\">\n\t\t\t\t\t<div class=\"elementor-swiper\">\n\t\t\t<div class=\"elementor-main-swiper swiper-container\">\n\t\t\t\t<div class=\"swiper-wrapper\">\n\t\t\t\t\t\t\t\t\t\t\t<div class=\"swiper-slide\">\n\t\t\t\t\t\t\t\t\t<div class=\"elementor-carousel-image\" style=\"background-image: url(https:\/\/oytunparkhotel.com\/wp-content\/uploads\/2020\/07\/37290221_945784328928983_5863521685013004288_n.jpg)\">\n\t\t\t\t\t<\/div>\n\t\t\t\t\t\t\t\t<\/div>\n\t\t\t\t\t\t\t\t\t\t\t<div class=\"swiper-slide\">\n\t\t\t\t\t\t\t\t\t<div class=\"elementor-carousel-image\" style=\"background-image: url(https:\/\/oytunparkhotel.com\/wp-content\/uploads\/2020\/07\/2U4C2633000.jpg)\">\n\t\t\t\t\t<\/div>\n\t\t\t\t\t\t\t\t<\/div>\n\t\t\t\t\t\t\t\t\t\t\t<div class=\"swiper-slide\">\n\t\t\t\t\t\t\t\t\t<div class=\"elementor-carousel-image\" style=\"background-image: url(https:\/\/oytunparkhotel.com\/wp-content\/uploads\/2020\/07\/IMG_372000.jpg)\">\n\t\t\t\t\t<\/div>\n\t\t\t\t\t\t\t\t<\/div>\n\t\t\t\t\t\t\t\t\t\t\t<div class=\"swiper-slide\">\n\t\t\t\t\t\t\t\t\t<div class=\"elementor-carousel-image\" style=\"background-image: url(https:\/\/oytunparkhotel.com\/wp-content\/uploads\/2020\/07\/2.jpg)\">\n\t\t\t\t\t<\/div>\n\t\t\t\t\t\t\t\t<\/div>\n\t\t\t\t\t\t\t\t\t\t\t<div class=\"swiper-slide\">\n\t\t\t\t\t\t\t\t\t<div class=\"elementor-carousel-image\" style=\"background-image: url(https:\/\/oytunparkhotel.com\/wp-content\/uploads\/2020\/07\/2U4C27460000.jpg)\">\n\t\t\t\t\t<\/div>\n\t\t\t\t\t\t\t\t<\/div>\n\t\t\t\t\t\t\t\t\t<\/div>\n\t\t\t\t\t\t\t\t\t\t\t\t\t\t\t\t\t\t\t\t<div class=\"elementor-swiper-button elementor-swiper-button-prev\">\n\t\t\t\t\t\t\t<i class=\"eicon-chevron-left\" aria-hidden=\"true\"><\/i>\n\t\t\t\t\t\t\t<span class=\"elementor-screen-only\">Previous<\/span>\n\t\t\t\t\t\t<\/div>\n\t\t\t\t\t\t<div class=\"elementor-swiper-button elementor-swiper-button-next\">\n\t\t\t\t\t\t\t<i class=\"eicon-chevron-right\" aria-hidden=\"true\"><\/i>\n\t\t\t\t\t\t\t<span class=\"elementor-screen-only\">Next<\/span>\n\t\t\t\t\t\t<\/div>\n\t\t\t\t\t\t\t\t\t\t\t\t<\/div>\n\t\t<\/div>\n\t\t\t\t<\/div>\n\t\t\t\t<\/div>\n\t\t\t\t\t\t<\/div>\n\t\t\t<\/div>\n\t\t<\/div>\n\t\t\t\t\t\t<\/div>\n\t\t\t<\/div>\n\t\t<\/section>\n\t\t\t\t\t\t<\/div>\n\t\t\t<\/div>\n\t\t<\/div>","protected":false},"excerpt":{"rendered":"<p>HAKKIMIZDA \u00c7anakkale\u2019de 1978 y\u0131l\u0131nda kurdu\u011fumuz, Oytunlar Orman \u00dcr\u00fcnleri Limited \u015eirketimiz faaliyetlerine mobilya imalat\u0131 ile ba\u015flad\u0131ktan sonra mobilya malzemeleri sat\u0131\u015f\u0131 ile faaliyet alan\u0131n\u0131 geli\u015ftirmi\u015ftir. Her \u015fey insanlar i\u00e7indir slogan\u0131 ile, 7000 m2 alanda kurulu tesisimizde; imalat, ebatlama, bantlama ve sat\u0131\u015f faaliyetlerimizi s\u00fcrd\u00fcrmekteyiz. Kurumsalla\u015fma s\u00fcrecimizde in\u015faat sekt\u00f6r\u00fcnde de yat\u0131r\u0131mlar\u0131m\u0131z devam etti. Ayn\u0131 zamanda \u00c7anakkale\u2019de \u00fcst s\u0131n\u0131f hizmet [&hellip;]<\/p>","protected":false},"author":1,"featured_media":0,"parent":0,"menu_order":0,"comment_status":"closed","ping_status":"closed","template":"","meta":{"footnotes":""},"class_list":["post-109","page","type-page","status-publish","hentry","entry"],"_links":{"self":[{"href":"https:\/\/oytunparkhotel.com\/en\/wp-json\/wp\/v2\/pages\/109","targetHints":{"allow":["GET"]}}],"collection":[{"href":"https:\/\/oytunparkhotel.com\/en\/wp-json\/wp\/v2\/pages"}],"about":[{"href":"https:\/\/oytunparkhotel.com\/en\/wp-json\/wp\/v2\/types\/page"}],"author":[{"embeddable":true,"href":"https:\/\/oytunparkhotel.com\/en\/wp-json\/wp\/v2\/users\/1"}],"replies":[{"embeddable":true,"href":"https:\/\/oytunparkhotel.com\/en\/wp-json\/wp\/v2\/comments?post=109"}],"version-history":[{"count":9,"href":"https:\/\/oytunparkhotel.com\/en\/wp-json\/wp\/v2\/pages\/109\/revisions"}],"predecessor-version":[{"id":669,"href":"https:\/\/oytunparkhotel.com\/en\/wp-json\/wp\/v2\/pages\/109\/revisions\/669"}],"wp:attachment":[{"href":"https:\/\/oytunparkhotel.com\/en\/wp-json\/wp\/v2\/media?parent=109"}],"curies":[{"name":"wp","href":"https:\/\/api.w.org\/{rel}","templated":true}]}}